{"id":1325,"date":"2019-10-01T16:57:25","date_gmt":"2019-10-01T14:57:25","guid":{"rendered":"https:\/\/lacherstall.de\/cms\/?page_id=1325"},"modified":"2019-12-10T16:07:40","modified_gmt":"2019-12-10T15:07:40","slug":"bustouren","status":"publish","type":"page","link":"https:\/\/lacherstall.de\/cms\/bustouren\/","title":{"rendered":"Bustouren zum Lacher Stall"},"content":{"rendered":"<div id=\"pl-1325\"  class=\"panel-layout\" ><div id=\"pg-1325-0\"  class=\"panel-grid panel-no-style\" ><div id=\"pgc-1325-0-0\"  class=\"panel-grid-cell panel-grid-cell-empty\" ><\/div><\/div><div id=\"pg-1325-1\"  class=\"panel-grid panel-no-style\" ><div id=\"pgc-1325-1-0\"  class=\"panel-grid-cell\" ><div id=\"panel-1325-1-0-0\" class=\"so-panel widget widget_sow-editor panel-first-child panel-last-child\" data-index=\"0\" ><div class=\"so-widget-sow-editor so-widget-sow-editor-base\"><h3 class=\"widget-title\">Bustouren ins Wiedtal \/ Elsbachtal (Landkreis Neuwied)<\/h3>\n<div class=\"siteorigin-widget-tinymce textwidget\">\n\t<p>Nehmen Sie uns in Ihr Tourenprogramm mit auf! Wir bieten Ihnen:<\/p>\n<ul>\n<li>attraktive Speisen und Getr\u00e4nke Angebote f\u00fcr Ihre Gruppen<\/li>\n<li>leichte Erreichbarkeit von K\u00f6ln, dem Ruhrgebiet und dem Frankfurter Raum<\/li>\n<li>3 leicht erreichbare ausgewiesene Busparkpl\u00e4tze<br \/>\n( 2 min Fu\u00dfweg zum Restaurant )<\/li>\n<li>eine wundersch\u00f6ne Umgebung im sch\u00f6nen Wiedtal,<br \/>\n20 min von Linz am Rhein entfernt,<br \/>\n30 min von Neuwied,<br \/>\nin der N\u00e4he des Mittleren Rheintals,<br \/>\nschnell erreichbar von der A 3 Ausfahrt Nr.36,\u00a0 Neustadt\/Wied<\/li>\n<li>ein uriges, z\u00fcnftiges Ambiente mit Biergarten, mehreren unterschiedlich gro\u00dfen R\u00e4umen und dem Europasaal f\u00fcr bis zu 80 Personen<\/li>\n<li>und im Dezember und Januar das weithin bekannte Weihnachtsdorf Waldbreitbach - <a href=\"http:\/\/wiedtal.de\" target=\"_blank\" rel=\"noopener\">Infos zum Wiedtal hier ...<\/a><\/li>\n<\/ul>\n<p>es gibt gen\u00fcgend Gr\u00fcnde uns anzusteuern.<\/p>\n<p>sprechen Sie uns an <a href=\"mailto:info@lacherstall.de\">info@lacherstall.de<\/a><\/p>\n<popmake-860 class=\"pum-trigger  popmake-860 \"  data-do-default=\"1\"><\/popmake-860>\n<\/div>\n<\/div><\/div><\/div><div id=\"pgc-1325-1-1\"  class=\"panel-grid-cell\" >\n          <div id=\"panel-1325-1-1-0\" class=\"so-panel widget widget_kadence_gallery_widget kadence_gallery_widget panel-first-child panel-last-child\" data-index=\"1\" ><h3 class=\"widget-title\">\u00a9 Touristikverband Wiedtal e.V. &#8211; Pacek<\/h3><div id=\"kt_slider_widget-1-1-0\" class=\"slick-slider kad-light-gallery kt-slickslider loading kt-slider-same-image-ratio kad-wp-gallery\" data-slider-speed=\"7000\" data-slider-anim-speed=\"400\" data-slider-fade=\"true\" data-slider-type=\"slider\" data-slider-auto=\"true\" data-slider-thumbid=\"#kt_slider_widget-1-1-0-thumbs\" data-slider-arrows=\"true\" data-slider-initdelay=\"0\" data-slides-to-show=\"4\" data-slider-thumbs-showing=\"15\" style=\"max-width:1140px;\"><div class=\"kt-slick-slide\"><a href=\"https:\/\/lacherstall.de\/cms\/wp-content\/uploads\/2019\/06\/980503_650055051677140_1658430989_o-624-624-624-624.jpg\" data-rel=\"lightbox\" class=\"kt-slider-image-link\"><div itemprop=\"image\" itemscope itemtype=\"http:\/\/schema.org\/ImageObject\"><img class=\"skip-lazy\" src=\"https:\/\/lacherstall.de\/cms\/wp-content\/uploads\/2019\/06\/980503_650055051677140_1658430989_o-624-624-624-624.jpg\" width=\"624\" height=\"430\" alt=\"\" itemprop=\"contentUrl\" srcset=\"https:\/\/lacherstall.de\/cms\/wp-content\/uploads\/2019\/06\/980503_650055051677140_1658430989_o-624-624-624-624.jpg 624w, https:\/\/lacherstall.de\/cms\/wp-content\/uploads\/2019\/06\/980503_650055051677140_1658430989_o-624-624-624-624-300x207.jpg 300w, https:\/\/lacherstall.de\/cms\/wp-content\/uploads\/2019\/06\/980503_650055051677140_1658430989_o-624-624-624-624-600x413.jpg 600w\" sizes=\"(max-width: 624px) 100vw, 624px\"\/><meta itemprop=\"url\" content=\"https:\/\/lacherstall.de\/cms\/wp-content\/uploads\/2019\/06\/980503_650055051677140_1658430989_o-624-624-624-624.jpg\"><meta itemprop=\"width\" content=\"624px\"><meta itemprop=\"height\" content=\"430px\"><\/div><\/a><\/div><div class=\"kt-slick-slide\"><a href=\"https:\/\/lacherstall.de\/cms\/wp-content\/uploads\/2019\/06\/landschaft-wiedtal-pacek-104-wiedtal.jpg\" data-rel=\"lightbox\" class=\"kt-slider-image-link\"><div itemprop=\"image\" itemscope itemtype=\"http:\/\/schema.org\/ImageObject\"><img class=\"skip-lazy\" src=\"https:\/\/lacherstall.de\/cms\/wp-content\/uploads\/2019\/06\/landschaft-wiedtal-pacek-104-wiedtal.jpg\" width=\"624\" height=\"430\" alt=\"\" itemprop=\"contentUrl\" srcset=\"https:\/\/lacherstall.de\/cms\/wp-content\/uploads\/2019\/06\/landschaft-wiedtal-pacek-104-wiedtal.jpg 624w, https:\/\/lacherstall.de\/cms\/wp-content\/uploads\/2019\/06\/landschaft-wiedtal-pacek-104-wiedtal-300x207.jpg 300w, https:\/\/lacherstall.de\/cms\/wp-content\/uploads\/2019\/06\/landschaft-wiedtal-pacek-104-wiedtal-600x413.jpg 600w\" sizes=\"(max-width: 624px) 100vw, 624px\"\/><meta itemprop=\"url\" content=\"https:\/\/lacherstall.de\/cms\/wp-content\/uploads\/2019\/06\/landschaft-wiedtal-pacek-104-wiedtal.jpg\"><meta itemprop=\"width\" content=\"624px\"><meta itemprop=\"height\" content=\"430px\"><\/div><\/a><\/div><div class=\"kt-slick-slide\"><a href=\"https:\/\/lacherstall.de\/cms\/wp-content\/uploads\/2019\/06\/Weihnachtsdorf_Waldbreitbach_2.jpg\" data-rel=\"lightbox\" class=\"kt-slider-image-link\"><div itemprop=\"image\" itemscope itemtype=\"http:\/\/schema.org\/ImageObject\"><img class=\"skip-lazy\" src=\"https:\/\/lacherstall.de\/cms\/wp-content\/uploads\/2019\/06\/Weihnachtsdorf_Waldbreitbach_2.jpg\" width=\"624\" height=\"430\" alt=\"\" itemprop=\"contentUrl\" srcset=\"https:\/\/lacherstall.de\/cms\/wp-content\/uploads\/2019\/06\/Weihnachtsdorf_Waldbreitbach_2.jpg 624w, https:\/\/lacherstall.de\/cms\/wp-content\/uploads\/2019\/06\/Weihnachtsdorf_Waldbreitbach_2-300x207.jpg 300w, https:\/\/lacherstall.de\/cms\/wp-content\/uploads\/2019\/06\/Weihnachtsdorf_Waldbreitbach_2-600x413.jpg 600w\" sizes=\"(max-width: 624px) 100vw, 624px\"\/><meta itemprop=\"url\" content=\"https:\/\/lacherstall.de\/cms\/wp-content\/uploads\/2019\/06\/Weihnachtsdorf_Waldbreitbach_2.jpg\"><meta itemprop=\"width\" content=\"624px\"><meta itemprop=\"height\" content=\"430px\"><\/div><\/a><\/div><div class=\"kt-slick-slide\"><a href=\"https:\/\/lacherstall.de\/cms\/wp-content\/uploads\/2019\/06\/Weihnachtsdorf_Waldbreitbach_18.jpg\" data-rel=\"lightbox\" class=\"kt-slider-image-link\"><div itemprop=\"image\" itemscope itemtype=\"http:\/\/schema.org\/ImageObject\"><img class=\"skip-lazy\" src=\"https:\/\/lacherstall.de\/cms\/wp-content\/uploads\/2019\/06\/Weihnachtsdorf_Waldbreitbach_18.jpg\" width=\"624\" height=\"430\" alt=\"\" itemprop=\"contentUrl\" srcset=\"https:\/\/lacherstall.de\/cms\/wp-content\/uploads\/2019\/06\/Weihnachtsdorf_Waldbreitbach_18.jpg 624w, https:\/\/lacherstall.de\/cms\/wp-content\/uploads\/2019\/06\/Weihnachtsdorf_Waldbreitbach_18-300x207.jpg 300w, https:\/\/lacherstall.de\/cms\/wp-content\/uploads\/2019\/06\/Weihnachtsdorf_Waldbreitbach_18-600x413.jpg 600w\" sizes=\"(max-width: 624px) 100vw, 624px\"\/><meta itemprop=\"url\" content=\"https:\/\/lacherstall.de\/cms\/wp-content\/uploads\/2019\/06\/Weihnachtsdorf_Waldbreitbach_18.jpg\"><meta itemprop=\"width\" content=\"624px\"><meta itemprop=\"height\" content=\"430px\"><\/div><\/a><\/div><div class=\"kt-slick-slide\"><a href=\"https:\/\/lacherstall.de\/cms\/wp-content\/uploads\/2019\/06\/Weihnachtsdorf_Waldbreitbach_40.jpg\" data-rel=\"lightbox\" class=\"kt-slider-image-link\"><div itemprop=\"image\" itemscope itemtype=\"http:\/\/schema.org\/ImageObject\"><img class=\"skip-lazy\" src=\"https:\/\/lacherstall.de\/cms\/wp-content\/uploads\/2019\/06\/Weihnachtsdorf_Waldbreitbach_40.jpg\" width=\"624\" height=\"430\" alt=\"\" itemprop=\"contentUrl\" srcset=\"https:\/\/lacherstall.de\/cms\/wp-content\/uploads\/2019\/06\/Weihnachtsdorf_Waldbreitbach_40.jpg 624w, https:\/\/lacherstall.de\/cms\/wp-content\/uploads\/2019\/06\/Weihnachtsdorf_Waldbreitbach_40-300x207.jpg 300w, https:\/\/lacherstall.de\/cms\/wp-content\/uploads\/2019\/06\/Weihnachtsdorf_Waldbreitbach_40-600x413.jpg 600w\" sizes=\"(max-width: 624px) 100vw, 624px\"\/><meta itemprop=\"url\" content=\"https:\/\/lacherstall.de\/cms\/wp-content\/uploads\/2019\/06\/Weihnachtsdorf_Waldbreitbach_40.jpg\"><meta itemprop=\"width\" content=\"624px\"><meta itemprop=\"height\" content=\"430px\"><\/div><\/a><\/div><\/div> <!--Image Slider--><\/div>\n    <\/div><\/div><div id=\"pg-1325-2\"  class=\"panel-grid panel-no-style\" ><div id=\"pgc-1325-2-0\"  class=\"panel-grid-cell panel-grid-cell-empty\" ><\/div><\/div><\/div><span class=\"kt-load-after-post\"><\/span>","protected":false},"excerpt":{"rendered":"<p>Nehmen Sie uns in Ihr Tourenprogramm mit auf! Wir bieten Ihnen: attraktive Speisen und Getr\u00e4nke Angebote f\u00fcr Ihre Gruppen leichte Erreichbarkeit von K\u00f6ln, dem Ruhrgebiet und dem Frankfurter Raum 3 leicht erreichbare ausgewiesene Busparkpl\u00e4tze ( 2 min Fu\u00dfweg zum Restaurant &hellip; <a class=\"kt-excerpt-readmore more-link\" href=\"https:\/\/lacherstall.de\/cms\/bustouren\/\" aria-label=\"Bustouren zum Lacher Stall\">Read More<\/a><\/p>\n","protected":false},"author":1,"featured_media":0,"parent":0,"menu_order":0,"comment_status":"closed","ping_status":"open","template":"","meta":[],"yoast_head":"<!-- This site is optimized with the Yoast SEO plugin v16.8 - https:\/\/yoast.com\/wordpress\/plugins\/seo\/ -->\n<title>Bustouren zum Lacher Stall - Lacher Stall \/ Ro\u00dfbach Wied<\/title>\n<meta name=\"description\" content=\"Mit unserer Eventgastronomie gestalten und wir Ihre Familienfeier, Ihre Betriebsfeier oder die Motorrad- oder Wandergruppe, wir verw\u00f6hnen Ihren Gaumen..\" \/>\n<meta name=\"robots\" content=\"index, follow, max-snippet:-1, max-image-preview:large, max-video-preview:-1\" \/>\n<link rel=\"canonical\" href=\"https:\/\/lacherstall.de\/cms\/bustouren\/\" \/>\n<meta property=\"og:locale\" content=\"de_DE\" \/>\n<meta property=\"og:type\" content=\"article\" \/>\n<meta property=\"og:title\" content=\"Bustouren zum Lacher Stall - Lacher Stall \/ Ro\u00dfbach Wied\" \/>\n<meta property=\"og:description\" content=\"Mit unserer Eventgastronomie gestalten und wir Ihre Familienfeier, Ihre Betriebsfeier oder die Motorrad- oder Wandergruppe, wir verw\u00f6hnen Ihren Gaumen..\" \/>\n<meta property=\"og:url\" content=\"https:\/\/lacherstall.de\/cms\/bustouren\/\" \/>\n<meta property=\"og:site_name\" content=\"Lacher Stall \/ Ro\u00dfbach Wied\" \/>\n<meta property=\"article:modified_time\" content=\"2019-12-10T15:07:40+00:00\" \/>\n<meta name=\"twitter:card\" content=\"summary_large_image\" \/>\n<meta name=\"twitter:label1\" content=\"Gesch\u00e4tzte Lesezeit\" \/>\n\t<meta name=\"twitter:data1\" content=\"1\u00a0Minute\" \/>\n<script type=\"application\/ld+json\" class=\"yoast-schema-graph\">{\"@context\":\"https:\/\/schema.org\",\"@graph\":[{\"@type\":\"Organization\",\"@id\":\"https:\/\/lacherstall.de\/cms\/#organization\",\"name\":\"Lacher Stall Ro\\u00dfbach Wied\",\"url\":\"https:\/\/lacherstall.de\/cms\/\",\"sameAs\":[],\"logo\":{\"@type\":\"ImageObject\",\"@id\":\"https:\/\/lacherstall.de\/cms\/#logo\",\"inLanguage\":\"de\",\"url\":\"https:\/\/lacherstall.de\/cms\/wp-content\/uploads\/2019\/05\/logo_lacher-stall_oben-mitte.jpg\",\"contentUrl\":\"https:\/\/lacherstall.de\/cms\/wp-content\/uploads\/2019\/05\/logo_lacher-stall_oben-mitte.jpg\",\"width\":846,\"height\":445,\"caption\":\"Lacher Stall Ro\\u00dfbach Wied\"},\"image\":{\"@id\":\"https:\/\/lacherstall.de\/cms\/#logo\"}},{\"@type\":\"WebSite\",\"@id\":\"https:\/\/lacherstall.de\/cms\/#website\",\"url\":\"https:\/\/lacherstall.de\/cms\/\",\"name\":\"Lacher Stall \/ Ro\\u00dfbach Wied\",\"description\":\"Landgasthof\",\"publisher\":{\"@id\":\"https:\/\/lacherstall.de\/cms\/#organization\"},\"potentialAction\":[{\"@type\":\"SearchAction\",\"target\":{\"@type\":\"EntryPoint\",\"urlTemplate\":\"https:\/\/lacherstall.de\/cms\/?s={search_term_string}\"},\"query-input\":\"required name=search_term_string\"}],\"inLanguage\":\"de\"},{\"@type\":\"WebPage\",\"@id\":\"https:\/\/lacherstall.de\/cms\/bustouren\/#webpage\",\"url\":\"https:\/\/lacherstall.de\/cms\/bustouren\/\",\"name\":\"Bustouren zum Lacher Stall - Lacher Stall \/ Ro\\u00dfbach Wied\",\"isPartOf\":{\"@id\":\"https:\/\/lacherstall.de\/cms\/#website\"},\"datePublished\":\"2019-10-01T14:57:25+00:00\",\"dateModified\":\"2019-12-10T15:07:40+00:00\",\"description\":\"Mit unserer Eventgastronomie gestalten und wir Ihre Familienfeier, Ihre Betriebsfeier oder die Motorrad- oder Wandergruppe, wir verw\\u00f6hnen Ihren Gaumen..\",\"breadcrumb\":{\"@id\":\"https:\/\/lacherstall.de\/cms\/bustouren\/#breadcrumb\"},\"inLanguage\":\"de\",\"potentialAction\":[{\"@type\":\"ReadAction\",\"target\":[\"https:\/\/lacherstall.de\/cms\/bustouren\/\"]}]},{\"@type\":\"BreadcrumbList\",\"@id\":\"https:\/\/lacherstall.de\/cms\/bustouren\/#breadcrumb\",\"itemListElement\":[{\"@type\":\"ListItem\",\"position\":1,\"name\":\"Startseite\",\"item\":\"https:\/\/lacherstall.de\/cms\/\"},{\"@type\":\"ListItem\",\"position\":2,\"name\":\"Bustouren zum Lacher Stall\"}]}]}<\/script>\n<!-- \/ Yoast SEO plugin. -->","yoast_head_json":{"title":"Bustouren zum Lacher Stall - Lacher Stall \/ Ro\u00dfbach Wied","description":"Mit unserer Eventgastronomie gestalten und wir Ihre Familienfeier, Ihre Betriebsfeier oder die Motorrad- oder Wandergruppe, wir verw\u00f6hnen Ihren Gaumen..","robots":{"index":"index","follow":"follow","max-snippet":"max-snippet:-1","max-image-preview":"max-image-preview:large","max-video-preview":"max-video-preview:-1"},"canonical":"https:\/\/lacherstall.de\/cms\/bustouren\/","og_locale":"de_DE","og_type":"article","og_title":"Bustouren zum Lacher Stall - Lacher Stall \/ Ro\u00dfbach Wied","og_description":"Mit unserer Eventgastronomie gestalten und wir Ihre Familienfeier, Ihre Betriebsfeier oder die Motorrad- oder Wandergruppe, wir verw\u00f6hnen Ihren Gaumen..","og_url":"https:\/\/lacherstall.de\/cms\/bustouren\/","og_site_name":"Lacher Stall \/ Ro\u00dfbach Wied","article_modified_time":"2019-12-10T15:07:40+00:00","twitter_card":"summary_large_image","twitter_misc":{"Gesch\u00e4tzte Lesezeit":"1\u00a0Minute"},"schema":{"@context":"https:\/\/schema.org","@graph":[{"@type":"Organization","@id":"https:\/\/lacherstall.de\/cms\/#organization","name":"Lacher Stall Ro\u00dfbach Wied","url":"https:\/\/lacherstall.de\/cms\/","sameAs":[],"logo":{"@type":"ImageObject","@id":"https:\/\/lacherstall.de\/cms\/#logo","inLanguage":"de","url":"https:\/\/lacherstall.de\/cms\/wp-content\/uploads\/2019\/05\/logo_lacher-stall_oben-mitte.jpg","contentUrl":"https:\/\/lacherstall.de\/cms\/wp-content\/uploads\/2019\/05\/logo_lacher-stall_oben-mitte.jpg","width":846,"height":445,"caption":"Lacher Stall Ro\u00dfbach Wied"},"image":{"@id":"https:\/\/lacherstall.de\/cms\/#logo"}},{"@type":"WebSite","@id":"https:\/\/lacherstall.de\/cms\/#website","url":"https:\/\/lacherstall.de\/cms\/","name":"Lacher Stall \/ Ro\u00dfbach Wied","description":"Landgasthof","publisher":{"@id":"https:\/\/lacherstall.de\/cms\/#organization"},"potentialAction":[{"@type":"SearchAction","target":{"@type":"EntryPoint","urlTemplate":"https:\/\/lacherstall.de\/cms\/?s={search_term_string}"},"query-input":"required name=search_term_string"}],"inLanguage":"de"},{"@type":"WebPage","@id":"https:\/\/lacherstall.de\/cms\/bustouren\/#webpage","url":"https:\/\/lacherstall.de\/cms\/bustouren\/","name":"Bustouren zum Lacher Stall - Lacher Stall \/ Ro\u00dfbach Wied","isPartOf":{"@id":"https:\/\/lacherstall.de\/cms\/#website"},"datePublished":"2019-10-01T14:57:25+00:00","dateModified":"2019-12-10T15:07:40+00:00","description":"Mit unserer Eventgastronomie gestalten und wir Ihre Familienfeier, Ihre Betriebsfeier oder die Motorrad- oder Wandergruppe, wir verw\u00f6hnen Ihren Gaumen..","breadcrumb":{"@id":"https:\/\/lacherstall.de\/cms\/bustouren\/#breadcrumb"},"inLanguage":"de","potentialAction":[{"@type":"ReadAction","target":["https:\/\/lacherstall.de\/cms\/bustouren\/"]}]},{"@type":"BreadcrumbList","@id":"https:\/\/lacherstall.de\/cms\/bustouren\/#breadcrumb","itemListElement":[{"@type":"ListItem","position":1,"name":"Startseite","item":"https:\/\/lacherstall.de\/cms\/"},{"@type":"ListItem","position":2,"name":"Bustouren zum Lacher Stall"}]}]}},"_links":{"self":[{"href":"https:\/\/lacherstall.de\/cms\/wp-json\/wp\/v2\/pages\/1325"}],"collection":[{"href":"https:\/\/lacherstall.de\/cms\/wp-json\/wp\/v2\/pages"}],"about":[{"href":"https:\/\/lacherstall.de\/cms\/wp-json\/wp\/v2\/types\/page"}],"author":[{"embeddable":true,"href":"https:\/\/lacherstall.de\/cms\/wp-json\/wp\/v2\/users\/1"}],"replies":[{"embeddable":true,"href":"https:\/\/lacherstall.de\/cms\/wp-json\/wp\/v2\/comments?post=1325"}],"version-history":[{"count":3,"href":"https:\/\/lacherstall.de\/cms\/wp-json\/wp\/v2\/pages\/1325\/revisions"}],"predecessor-version":[{"id":1645,"href":"https:\/\/lacherstall.de\/cms\/wp-json\/wp\/v2\/pages\/1325\/revisions\/1645"}],"wp:attachment":[{"href":"https:\/\/lacherstall.de\/cms\/wp-json\/wp\/v2\/media?parent=1325"}],"curies":[{"name":"wp","href":"https:\/\/api.w.org\/{rel}","templated":true}]}}