{"id":36,"date":"2015-07-21T13:57:34","date_gmt":"2015-07-21T13:57:34","guid":{"rendered":"http:\/\/lacherstall.de\/cms\/?page_id=36"},"modified":"2023-03-27T17:46:40","modified_gmt":"2023-03-27T15:46:40","slug":"anfahrt","status":"publish","type":"page","link":"https:\/\/lacherstall.de\/cms\/anfahrt\/","title":{"rendered":"Anfahrt"},"content":{"rendered":"<div id=\"pl-36\"  class=\"panel-layout\" ><div id=\"pg-36-0\"  class=\"panel-grid panel-no-style\" ><div id=\"pgc-36-0-0\"  class=\"panel-grid-cell panel-grid-cell-empty\" ><\/div><\/div><div id=\"pg-36-1\"  class=\"panel-grid panel-no-style\" ><div id=\"pgc-36-1-0\"  class=\"panel-grid-cell\" ><div id=\"panel-36-1-0-0\" class=\"so-panel widget widget_sow-editor panel-first-child panel-last-child\" data-index=\"0\" ><div class=\"so-widget-sow-editor so-widget-sow-editor-base\">\n<div class=\"siteorigin-widget-tinymce textwidget\">\n\t<p>Der Landgasthof Lacher Stall liegt im Naturpark Rhein-Westerwald, mittig zwischen den Ballungsr\u00e4umen K\u00f6ln und Frankfurt.<\/p>\n<p>Lacher Stall<br \/>\nBergstra\u00dfe 15<br \/>\n53547 Ro\u00dfbach an der Wied<br \/>\nOrtsteil Lache<\/p>\n<p>In einem idyllischen Seitental des Wiedtals finden Sie uns, nahe der Ortschaft Rossbach an der Wied. Sie k\u00f6nnen uns \u00fcber die Autobahn A 3 aus Richtung K\u00f6ln oder Frankfurt erreichen, indem Sie an der Ausfahrt Fernthal abfahren und der Beschilderung Wiedtal folgen.<\/p>\n<p>Oder von Neuwied aus, fahren Sie durch das sch\u00f6ne Wiedtal bis zur Ortschaft Lache, direkt hinter Waldbreitbach.<\/p>\n<\/div>\n<\/div><\/div><\/div><\/div><div id=\"pg-36-2\"  class=\"panel-grid panel-no-style\" ><div id=\"pgc-36-2-0\"  class=\"panel-grid-cell panel-grid-cell-empty\" ><\/div><\/div><div id=\"pg-36-3\"  class=\"panel-grid panel-no-style\" ><div id=\"pgc-36-3-0\"  class=\"panel-grid-cell panel-grid-cell-empty\" ><\/div><\/div><div id=\"pg-36-4\"  class=\"panel-grid panel-no-style\" ><div id=\"pgc-36-4-0\"  class=\"panel-grid-cell panel-grid-cell-empty\" ><\/div><\/div><div id=\"pg-36-5\"  class=\"panel-grid panel-no-style\" ><div id=\"pgc-36-5-0\"  class=\"panel-grid-cell panel-grid-cell-empty\" ><\/div><\/div><\/div><span class=\"kt-load-after-post\"><\/span>","protected":false},"excerpt":{"rendered":"<p>Der Landgasthof Lacher Stall liegt im Naturpark Rhein-Westerwald, mittig zwischen den Ballungsr\u00e4umen K\u00f6ln und Frankfurt. Lacher Stall Bergstra\u00dfe 15 53547 Ro\u00dfbach an der Wied Ortsteil Lache In einem idyllischen Seitental des Wiedtals finden Sie uns, nahe der Ortschaft Rossbach an &hellip; <a class=\"kt-excerpt-readmore more-link\" href=\"https:\/\/lacherstall.de\/cms\/anfahrt\/\" aria-label=\"Anfahrt\">Read More<\/a><\/p>\n","protected":false},"author":1,"featured_media":0,"parent":0,"menu_order":0,"comment_status":"closed","ping_status":"open","template":"","meta":[],"yoast_head":"<!-- This site is optimized with the Yoast SEO plugin v16.8 - https:\/\/yoast.com\/wordpress\/plugins\/seo\/ -->\n<title>Anfahrt - Lacher Stall \/ Ro\u00dfbach Wied<\/title>\n<meta name=\"description\" content=\"Anfahrt zum Landgasthof Lacher Stall. So finden Sie zu uns, ob mit dem Auto, dem Fahrrad oder zu Fu\u00df. Besuchen Sie uns im sch\u00f6nen Westerwald.\" \/>\n<meta name=\"robots\" content=\"index, follow, max-snippet:-1, max-image-preview:large, max-video-preview:-1\" \/>\n<link rel=\"canonical\" href=\"https:\/\/lacherstall.de\/cms\/anfahrt\/\" \/>\n<meta property=\"og:locale\" content=\"de_DE\" \/>\n<meta property=\"og:type\" content=\"article\" \/>\n<meta property=\"og:title\" content=\"Anfahrt - Lacher Stall \/ Ro\u00dfbach Wied\" \/>\n<meta property=\"og:description\" content=\"Anfahrt zum Landgasthof Lacher Stall. So finden Sie zu uns, ob mit dem Auto, dem Fahrrad oder zu Fu\u00df. Besuchen Sie uns im sch\u00f6nen Westerwald.\" \/>\n<meta property=\"og:url\" content=\"https:\/\/lacherstall.de\/cms\/anfahrt\/\" \/>\n<meta property=\"og:site_name\" content=\"Lacher Stall \/ Ro\u00dfbach Wied\" \/>\n<meta property=\"article:modified_time\" content=\"2023-03-27T15:46:40+00:00\" \/>\n<meta name=\"twitter:card\" content=\"summary_large_image\" \/>\n<meta name=\"twitter:label1\" content=\"Gesch\u00e4tzte Lesezeit\" \/>\n\t<meta name=\"twitter:data1\" content=\"1\u00a0Minute\" \/>\n<script type=\"application\/ld+json\" class=\"yoast-schema-graph\">{\"@context\":\"https:\/\/schema.org\",\"@graph\":[{\"@type\":\"Organization\",\"@id\":\"https:\/\/lacherstall.de\/cms\/#organization\",\"name\":\"Lacher Stall Ro\\u00dfbach Wied\",\"url\":\"https:\/\/lacherstall.de\/cms\/\",\"sameAs\":[],\"logo\":{\"@type\":\"ImageObject\",\"@id\":\"https:\/\/lacherstall.de\/cms\/#logo\",\"inLanguage\":\"de\",\"url\":\"https:\/\/lacherstall.de\/cms\/wp-content\/uploads\/2019\/05\/logo_lacher-stall_oben-mitte.jpg\",\"contentUrl\":\"https:\/\/lacherstall.de\/cms\/wp-content\/uploads\/2019\/05\/logo_lacher-stall_oben-mitte.jpg\",\"width\":846,\"height\":445,\"caption\":\"Lacher Stall Ro\\u00dfbach Wied\"},\"image\":{\"@id\":\"https:\/\/lacherstall.de\/cms\/#logo\"}},{\"@type\":\"WebSite\",\"@id\":\"https:\/\/lacherstall.de\/cms\/#website\",\"url\":\"https:\/\/lacherstall.de\/cms\/\",\"name\":\"Lacher Stall \/ Ro\\u00dfbach Wied\",\"description\":\"Landgasthof\",\"publisher\":{\"@id\":\"https:\/\/lacherstall.de\/cms\/#organization\"},\"potentialAction\":[{\"@type\":\"SearchAction\",\"target\":{\"@type\":\"EntryPoint\",\"urlTemplate\":\"https:\/\/lacherstall.de\/cms\/?s={search_term_string}\"},\"query-input\":\"required name=search_term_string\"}],\"inLanguage\":\"de\"},{\"@type\":\"WebPage\",\"@id\":\"https:\/\/lacherstall.de\/cms\/anfahrt\/#webpage\",\"url\":\"https:\/\/lacherstall.de\/cms\/anfahrt\/\",\"name\":\"Anfahrt - Lacher Stall \/ Ro\\u00dfbach Wied\",\"isPartOf\":{\"@id\":\"https:\/\/lacherstall.de\/cms\/#website\"},\"datePublished\":\"2015-07-21T13:57:34+00:00\",\"dateModified\":\"2023-03-27T15:46:40+00:00\",\"description\":\"Anfahrt zum Landgasthof Lacher Stall. So finden Sie zu uns, ob mit dem Auto, dem Fahrrad oder zu Fu\\u00df. Besuchen Sie uns im sch\\u00f6nen Westerwald.\",\"breadcrumb\":{\"@id\":\"https:\/\/lacherstall.de\/cms\/anfahrt\/#breadcrumb\"},\"inLanguage\":\"de\",\"potentialAction\":[{\"@type\":\"ReadAction\",\"target\":[\"https:\/\/lacherstall.de\/cms\/anfahrt\/\"]}]},{\"@type\":\"BreadcrumbList\",\"@id\":\"https:\/\/lacherstall.de\/cms\/anfahrt\/#breadcrumb\",\"itemListElement\":[{\"@type\":\"ListItem\",\"position\":1,\"name\":\"Startseite\",\"item\":\"https:\/\/lacherstall.de\/cms\/\"},{\"@type\":\"ListItem\",\"position\":2,\"name\":\"Anfahrt\"}]}]}<\/script>\n<!-- \/ Yoast SEO plugin. -->","yoast_head_json":{"title":"Anfahrt - Lacher Stall \/ Ro\u00dfbach Wied","description":"Anfahrt zum Landgasthof Lacher Stall. So finden Sie zu uns, ob mit dem Auto, dem Fahrrad oder zu Fu\u00df. Besuchen Sie uns im sch\u00f6nen Westerwald.","robots":{"index":"index","follow":"follow","max-snippet":"max-snippet:-1","max-image-preview":"max-image-preview:large","max-video-preview":"max-video-preview:-1"},"canonical":"https:\/\/lacherstall.de\/cms\/anfahrt\/","og_locale":"de_DE","og_type":"article","og_title":"Anfahrt - Lacher Stall \/ Ro\u00dfbach Wied","og_description":"Anfahrt zum Landgasthof Lacher Stall. So finden Sie zu uns, ob mit dem Auto, dem Fahrrad oder zu Fu\u00df. Besuchen Sie uns im sch\u00f6nen Westerwald.","og_url":"https:\/\/lacherstall.de\/cms\/anfahrt\/","og_site_name":"Lacher Stall \/ Ro\u00dfbach Wied","article_modified_time":"2023-03-27T15:46:40+00:00","twitter_card":"summary_large_image","twitter_misc":{"Gesch\u00e4tzte Lesezeit":"1\u00a0Minute"},"schema":{"@context":"https:\/\/schema.org","@graph":[{"@type":"Organization","@id":"https:\/\/lacherstall.de\/cms\/#organization","name":"Lacher Stall Ro\u00dfbach Wied","url":"https:\/\/lacherstall.de\/cms\/","sameAs":[],"logo":{"@type":"ImageObject","@id":"https:\/\/lacherstall.de\/cms\/#logo","inLanguage":"de","url":"https:\/\/lacherstall.de\/cms\/wp-content\/uploads\/2019\/05\/logo_lacher-stall_oben-mitte.jpg","contentUrl":"https:\/\/lacherstall.de\/cms\/wp-content\/uploads\/2019\/05\/logo_lacher-stall_oben-mitte.jpg","width":846,"height":445,"caption":"Lacher Stall Ro\u00dfbach Wied"},"image":{"@id":"https:\/\/lacherstall.de\/cms\/#logo"}},{"@type":"WebSite","@id":"https:\/\/lacherstall.de\/cms\/#website","url":"https:\/\/lacherstall.de\/cms\/","name":"Lacher Stall \/ Ro\u00dfbach Wied","description":"Landgasthof","publisher":{"@id":"https:\/\/lacherstall.de\/cms\/#organization"},"potentialAction":[{"@type":"SearchAction","target":{"@type":"EntryPoint","urlTemplate":"https:\/\/lacherstall.de\/cms\/?s={search_term_string}"},"query-input":"required name=search_term_string"}],"inLanguage":"de"},{"@type":"WebPage","@id":"https:\/\/lacherstall.de\/cms\/anfahrt\/#webpage","url":"https:\/\/lacherstall.de\/cms\/anfahrt\/","name":"Anfahrt - Lacher Stall \/ Ro\u00dfbach Wied","isPartOf":{"@id":"https:\/\/lacherstall.de\/cms\/#website"},"datePublished":"2015-07-21T13:57:34+00:00","dateModified":"2023-03-27T15:46:40+00:00","description":"Anfahrt zum Landgasthof Lacher Stall. So finden Sie zu uns, ob mit dem Auto, dem Fahrrad oder zu Fu\u00df. Besuchen Sie uns im sch\u00f6nen Westerwald.","breadcrumb":{"@id":"https:\/\/lacherstall.de\/cms\/anfahrt\/#breadcrumb"},"inLanguage":"de","potentialAction":[{"@type":"ReadAction","target":["https:\/\/lacherstall.de\/cms\/anfahrt\/"]}]},{"@type":"BreadcrumbList","@id":"https:\/\/lacherstall.de\/cms\/anfahrt\/#breadcrumb","itemListElement":[{"@type":"ListItem","position":1,"name":"Startseite","item":"https:\/\/lacherstall.de\/cms\/"},{"@type":"ListItem","position":2,"name":"Anfahrt"}]}]}},"_links":{"self":[{"href":"https:\/\/lacherstall.de\/cms\/wp-json\/wp\/v2\/pages\/36"}],"collection":[{"href":"https:\/\/lacherstall.de\/cms\/wp-json\/wp\/v2\/pages"}],"about":[{"href":"https:\/\/lacherstall.de\/cms\/wp-json\/wp\/v2\/types\/page"}],"author":[{"embeddable":true,"href":"https:\/\/lacherstall.de\/cms\/wp-json\/wp\/v2\/users\/1"}],"replies":[{"embeddable":true,"href":"https:\/\/lacherstall.de\/cms\/wp-json\/wp\/v2\/comments?post=36"}],"version-history":[{"count":41,"href":"https:\/\/lacherstall.de\/cms\/wp-json\/wp\/v2\/pages\/36\/revisions"}],"predecessor-version":[{"id":8252,"href":"https:\/\/lacherstall.de\/cms\/wp-json\/wp\/v2\/pages\/36\/revisions\/8252"}],"wp:attachment":[{"href":"https:\/\/lacherstall.de\/cms\/wp-json\/wp\/v2\/media?parent=36"}],"curies":[{"name":"wp","href":"https:\/\/api.w.org\/{rel}","templated":true}]}}