{"id":528,"date":"2019-05-27T12:57:02","date_gmt":"2019-05-27T12:57:02","guid":{"rendered":"http:\/\/lacherstall.de\/cmscms\/?page_id=528"},"modified":"2024-11-08T11:28:55","modified_gmt":"2024-11-08T10:28:55","slug":"landgasthof","status":"publish","type":"page","link":"https:\/\/lacherstall.de\/cms\/landgasthof\/","title":{"rendered":"Landgasthof"},"content":{"rendered":"<div id=\"pl-528\"  class=\"panel-layout\" ><div id=\"pg-528-0\"  class=\"panel-grid panel-no-style\" ><div id=\"pgc-528-0-0\"  class=\"panel-grid-cell panel-grid-cell-empty\" ><\/div><\/div><div id=\"pg-528-1\"  class=\"panel-grid panel-no-style\" ><div id=\"pgc-528-1-0\"  class=\"panel-grid-cell\" ><div id=\"panel-528-1-0-0\" class=\"so-panel widget widget_sow-editor panel-first-child panel-last-child\" data-index=\"0\" ><div class=\"so-widget-sow-editor so-widget-sow-editor-base\"><h3 class=\"widget-title\">Der Landgasthof Lacher Stall ist eine willkommene Einkehrm\u00f6glichkeit.<\/h3>\n<div class=\"siteorigin-widget-tinymce textwidget\">\n\t<p>&nbsp;<\/p>\n<p>Genau richtig, wenn Sie im sch\u00f6nen Westerwald aktiv werden wollen oder ein paar entspannte Stunden genie\u00dfen m\u00f6chten.<\/p>\n<p><strong>Unser Biergarten<\/strong><\/p>\n<p>Unser z\u00fcnftiger Biergarten bietet viel Platz f\u00fcr Familien und Wandergruppen.<\/p>\n<p>Lassen Sie die Seele baumeln und g\u00f6nnen Sie sich ein frisch gezapftes Bier im Schatten der alten Kastanie. Dazu gibt\u2019s leckere W\u00fcrstchen und Steaks vom Au\u00dfengrill.<\/p>\n<p>&nbsp;<\/p>\n<\/div>\n<\/div><\/div><\/div><div id=\"pgc-528-1-1\"  class=\"panel-grid-cell\" ><div id=\"panel-528-1-1-0\" class=\"so-panel widget widget_kadence_about_with_image kadence_about_with_image panel-first-child panel-last-child\" data-index=\"1\" ><div class=\"kad_img_upload_widget kt-shape-type-kt-image-shape-standard kt-image-align-left kt-image-widget-widget-1-1-0\"><a href=\"https:\/\/lacherstall.de\/cms\/kontakt\/\" target=\"_self\"><div class=\"kt-image-contain kt-image-shadow-large_below kt-image-shape-standard\"><div class=\"kt-image-inner-contain\"><img width=\"624\" height=\"468\" src=\"https:\/\/lacherstall.de\/cms\/wp-content\/uploads\/2019\/05\/DSCF3369-Kopie-624.jpeg\" class=\"attachment-full size-full\" alt=\"Biergarten Lacher Stall\" loading=\"lazy\" srcset=\"https:\/\/lacherstall.de\/cms\/wp-content\/uploads\/2019\/05\/DSCF3369-Kopie-624.jpeg 624w, https:\/\/lacherstall.de\/cms\/wp-content\/uploads\/2019\/05\/DSCF3369-Kopie-624-300x225.jpeg 300w, https:\/\/lacherstall.de\/cms\/wp-content\/uploads\/2019\/05\/DSCF3369-Kopie-624-600x450.jpeg 600w\" sizes=\"(max-width: 624px) 100vw, 624px\" \/><\/div><\/div><\/a><\/div><\/div><\/div><\/div><div id=\"pg-528-2\"  class=\"panel-grid panel-no-style\" ><div id=\"pgc-528-2-0\"  class=\"panel-grid-cell\" ><div id=\"panel-528-2-0-0\" class=\"so-panel widget widget_kadence_about_with_image kadence_about_with_image panel-first-child panel-last-child\" data-index=\"2\" ><div class=\"kad_img_upload_widget kt-shape-type-kt-image-shape-standard kt-image-align-left kt-image-widget-widget-2-0-0\"><a href=\"https:\/\/lacherstall.de\/cms\/kontakt\/\" target=\"_self\"><div class=\"kt-image-contain kt-image-shadow-large_below kt-image-shape-standard\"><div class=\"kt-image-inner-contain\"><img width=\"624\" height=\"416\" src=\"https:\/\/lacherstall.de\/cms\/wp-content\/uploads\/2019\/05\/wandern-wiedtal-pacek-64-wiedtal-624.jpg\" class=\"attachment-full size-full\" alt=\"\" loading=\"lazy\" srcset=\"https:\/\/lacherstall.de\/cms\/wp-content\/uploads\/2019\/05\/wandern-wiedtal-pacek-64-wiedtal-624.jpg 624w, https:\/\/lacherstall.de\/cms\/wp-content\/uploads\/2019\/05\/wandern-wiedtal-pacek-64-wiedtal-624-300x200.jpg 300w, https:\/\/lacherstall.de\/cms\/wp-content\/uploads\/2019\/05\/wandern-wiedtal-pacek-64-wiedtal-624-600x400.jpg 600w, https:\/\/lacherstall.de\/cms\/wp-content\/uploads\/2019\/05\/wandern-wiedtal-pacek-64-wiedtal-624-272x182.jpg 272w\" sizes=\"(max-width: 624px) 100vw, 624px\" \/><\/div><\/div><\/a><\/div><\/div><\/div><div id=\"pgc-528-2-1\"  class=\"panel-grid-cell\" ><div id=\"panel-528-2-1-0\" class=\"so-panel widget widget_sow-editor panel-first-child panel-last-child\" data-index=\"3\" ><div class=\"so-widget-sow-editor so-widget-sow-editor-base\"><h3 class=\"widget-title\">Wandern im Westerwald<\/h3>\n<div class=\"siteorigin-widget-tinymce textwidget\">\n\t<p><strong>\u00a0<\/strong><\/p>\n<p>Unser Landgasthof liegt in einer abwechslungsreichen Mittelgebirgslandschaft mit idyllischen Bachl\u00e4ufen, weiten Wiesen, naturbelassenen Waldgebieten und zerkl\u00fcfteten Felsregionen.<\/p>\n<p>Der Westerwald ist eine ideale Wanderregion, denn f\u00fcr jeden Wandertyp ist etwas dabei.<\/p>\n<p>Sowohl ebene Wanderwege entlang der Wied im Wiedtal, wie auch anspruchsvollere Wanderstrecken zu den luftigen H\u00f6hen des Westerwaldes warten auf Sie.<\/p>\n<p>Ob Sie alleine wandern, oder mit einer ganzen Wandergruppe, genie\u00dfen Sie unsere regionale l\u00e4ndliche K\u00fcche und den entspannten Aufenthalt.<\/p>\n<p>Falls Sie in Begleitung Ihres Hundes bei uns speisen m\u00f6chten, kein Problem, bringen Sie Ihren Vierbeiner doch einfach mit. Auch Hunde sind bei uns jederzeit willkommen.<\/p>\n<\/div>\n<\/div><\/div><\/div><\/div><div id=\"pg-528-3\"  class=\"panel-grid panel-no-style\" ><div id=\"pgc-528-3-0\"  class=\"panel-grid-cell\" ><div id=\"panel-528-3-0-0\" class=\"so-panel widget widget_sow-editor panel-first-child panel-last-child\" data-index=\"4\" ><div class=\"so-widget-sow-editor so-widget-sow-editor-base\"><h3 class=\"widget-title\">Motorr\u00e4der willkommen<\/h3>\n<div class=\"siteorigin-widget-tinymce textwidget\">\n\t<p><strong>\u00a0<\/strong><\/p>\n<p style=\"text-align: left;\">Von den Ballungszentren K\u00f6ln und Bonn, oder auch dem Ruhrgebiet, m\u00fcssen Sie quasi nur einmal \u201eGas geben\u201c und schon landen Sie in der Motorradregion Westerwald.<\/p>\n<p style=\"text-align: left;\">Der Westerwald ist ein attraktives Ziel f\u00fcr Motorradfahrer, denn endlose Kurven warten in einer abwechslungsreichen Landschaft auf jeden Biker.<\/p>\n<p style=\"text-align: left;\">Wenn Sie w\u00e4hrend Ihrer Tour eine kleine Erfrischung suchen, finden Sie in unserem Biergarten, mit gro\u00dfem Au\u00dfen-Grill, die ideale Umgebung.<\/p>\n<p style=\"text-align: left;\">Auch ein z\u00fcnftiges Grillen mit Ihrer Motorradgruppe k\u00f6nnen wir f\u00fcr Sie organisieren.<\/p>\n<p>Deshalb <strong>Biker welcome!<\/strong><\/p>\n<p class=\"tel fixedtel\"><i class=\"kt-icon-phone2\"><\/i>02638-94190 \/ <a class=\"email\" href=\"mailto:info@lacherstall.de\"><i class=\"kt-icon-envelop4\"><\/i>info@lacherstall.de<\/a><\/p>\n<\/div>\n<\/div><\/div><\/div><div id=\"pgc-528-3-1\"  class=\"panel-grid-cell\" >\n          <div id=\"panel-528-3-1-0\" class=\"so-panel widget widget_kadence_gallery_widget kadence_gallery_widget panel-first-child panel-last-child\" data-index=\"5\" ><div id=\"kt_slider_widget-3-1-0\" class=\"slick-slider kad-light-gallery kt-slickslider loading kt-slider-same-image-ratio kad-wp-gallery\" data-slider-speed=\"7000\" data-slider-anim-speed=\"400\" data-slider-fade=\"true\" data-slider-type=\"slider\" data-slider-auto=\"true\" data-slider-thumbid=\"#kt_slider_widget-3-1-0-thumbs\" data-slider-arrows=\"true\" data-slider-initdelay=\"0\" data-slides-to-show=\"2\" data-slider-thumbs-showing=\"15\" style=\"max-width:1140px;\"><div class=\"kt-slick-slide\"><a href=\"https:\/\/lacherstall.de\/cms\/wp-content\/uploads\/2019\/06\/IMG_20190619_104752-624.jpg\" data-rel=\"lightbox\" class=\"kt-slider-image-link\"><div itemprop=\"image\" itemscope itemtype=\"http:\/\/schema.org\/ImageObject\"><img class=\"skip-lazy\" src=\"https:\/\/lacherstall.de\/cms\/wp-content\/uploads\/2019\/06\/IMG_20190619_104752-624.jpg\" width=\"624\" height=\"352\" alt=\"\" itemprop=\"contentUrl\" srcset=\"https:\/\/lacherstall.de\/cms\/wp-content\/uploads\/2019\/06\/IMG_20190619_104752-624.jpg 624w, https:\/\/lacherstall.de\/cms\/wp-content\/uploads\/2019\/06\/IMG_20190619_104752-624-300x169.jpg 300w, https:\/\/lacherstall.de\/cms\/wp-content\/uploads\/2019\/06\/IMG_20190619_104752-624-600x338.jpg 600w\" sizes=\"(max-width: 624px) 100vw, 624px\"\/><meta itemprop=\"url\" content=\"https:\/\/lacherstall.de\/cms\/wp-content\/uploads\/2019\/06\/IMG_20190619_104752-624.jpg\"><meta itemprop=\"width\" content=\"624px\"><meta itemprop=\"height\" content=\"352px\"><\/div><\/a><\/div><div class=\"kt-slick-slide\"><a href=\"https:\/\/lacherstall.de\/cms\/wp-content\/uploads\/2019\/06\/IMG_20190619_104626-624.jpg\" data-rel=\"lightbox\" class=\"kt-slider-image-link\"><div itemprop=\"image\" itemscope itemtype=\"http:\/\/schema.org\/ImageObject\"><img class=\"skip-lazy\" src=\"https:\/\/lacherstall.de\/cms\/wp-content\/uploads\/2019\/06\/IMG_20190619_104626-624.jpg\" width=\"624\" height=\"352\" alt=\"\" itemprop=\"contentUrl\" srcset=\"https:\/\/lacherstall.de\/cms\/wp-content\/uploads\/2019\/06\/IMG_20190619_104626-624.jpg 624w, https:\/\/lacherstall.de\/cms\/wp-content\/uploads\/2019\/06\/IMG_20190619_104626-624-300x169.jpg 300w, https:\/\/lacherstall.de\/cms\/wp-content\/uploads\/2019\/06\/IMG_20190619_104626-624-600x338.jpg 600w\" sizes=\"(max-width: 624px) 100vw, 624px\"\/><meta itemprop=\"url\" content=\"https:\/\/lacherstall.de\/cms\/wp-content\/uploads\/2019\/06\/IMG_20190619_104626-624.jpg\"><meta itemprop=\"width\" content=\"624px\"><meta itemprop=\"height\" content=\"352px\"><\/div><\/a><\/div><div class=\"kt-slick-slide\"><a href=\"https:\/\/lacherstall.de\/cms\/wp-content\/uploads\/2019\/06\/IMG_20190619_105002-624.jpg\" data-rel=\"lightbox\" class=\"kt-slider-image-link\"><div itemprop=\"image\" itemscope itemtype=\"http:\/\/schema.org\/ImageObject\"><img class=\"skip-lazy\" src=\"https:\/\/lacherstall.de\/cms\/wp-content\/uploads\/2019\/06\/IMG_20190619_105002-624.jpg\" width=\"624\" height=\"352\" alt=\"\" itemprop=\"contentUrl\" srcset=\"https:\/\/lacherstall.de\/cms\/wp-content\/uploads\/2019\/06\/IMG_20190619_105002-624.jpg 624w, https:\/\/lacherstall.de\/cms\/wp-content\/uploads\/2019\/06\/IMG_20190619_105002-624-300x169.jpg 300w, https:\/\/lacherstall.de\/cms\/wp-content\/uploads\/2019\/06\/IMG_20190619_105002-624-600x338.jpg 600w\" sizes=\"(max-width: 624px) 100vw, 624px\"\/><meta itemprop=\"url\" content=\"https:\/\/lacherstall.de\/cms\/wp-content\/uploads\/2019\/06\/IMG_20190619_105002-624.jpg\"><meta itemprop=\"width\" content=\"624px\"><meta itemprop=\"height\" content=\"352px\"><\/div><\/a><\/div><\/div> <!--Image Slider--><\/div>\n    <\/div><\/div><div id=\"pg-528-4\"  class=\"panel-grid panel-no-style\" ><div id=\"pgc-528-4-0\"  class=\"panel-grid-cell\" ><div id=\"panel-528-4-0-0\" class=\"so-panel widget widget_kadence_about_with_image kadence_about_with_image panel-first-child panel-last-child\" data-index=\"6\" ><div class=\"kad_img_upload_widget kt-shape-type-kt-image-shape-standard kt-image-align-left kt-image-widget-widget-4-0-0\"><a href=\"https:\/\/lacherstall.de\/cms\/kontakt\/\" target=\"_self\"><div class=\"kt-image-contain kt-image-shadow-large_below kt-image-shape-standard\"><div class=\"kt-image-inner-contain\"><img width=\"624\" height=\"468\" src=\"https:\/\/lacherstall.de\/cms\/wp-content\/uploads\/2019\/05\/DSCF7028-624.jpeg\" class=\"attachment-full size-full\" alt=\"Radfahren im Westerwald\" loading=\"lazy\" srcset=\"https:\/\/lacherstall.de\/cms\/wp-content\/uploads\/2019\/05\/DSCF7028-624.jpeg 624w, https:\/\/lacherstall.de\/cms\/wp-content\/uploads\/2019\/05\/DSCF7028-624-300x225.jpeg 300w, https:\/\/lacherstall.de\/cms\/wp-content\/uploads\/2019\/05\/DSCF7028-624-600x450.jpeg 600w\" sizes=\"(max-width: 624px) 100vw, 624px\" \/><\/div><\/div><\/a><\/div><\/div><\/div><div id=\"pgc-528-4-1\"  class=\"panel-grid-cell\" ><div id=\"panel-528-4-1-0\" class=\"so-panel widget widget_sow-editor panel-first-child panel-last-child\" data-index=\"7\" ><div class=\"so-widget-sow-editor so-widget-sow-editor-base\"><h3 class=\"widget-title\">Radfahren im Westerwald<\/h3>\n<div class=\"siteorigin-widget-tinymce textwidget\">\n\t<p><strong>\u00a0<\/strong><\/p>\n<p>Doch nicht nur die motorisierten Zweir\u00e4der kommen im Westerwald auf Ihre Kosten. Das Wiedtal ist auch eine wunderbare Region zum Fahrradfahren.<\/p>\n<p>Entlang dem Flusslauf der Wied laden viele Kilometer Radweg abseits der Stra\u00dfe zum entspannten Radeln ein.<\/p>\n<p>Wenn Sie es etwas sportlicher m\u00f6gen, warten herrliche Waldwege mit Steigungen und Abfahrten auf Sie zum Mountainbiking.<\/p>\n<p>F\u00fcr den kleinen Zwischenstopp steht unser Biergarten f\u00fcr Sie bereit mit W\u00fcrstchen und Steaks vom z\u00fcnftigen Au\u00dfen Grill.<\/p>\n<p>Falls es mal etwas k\u00fchler werden sollte, k\u00f6nnen Sie es sich drinnen vorm Kamin gem\u00fctlich machen.<\/p>\n<\/div>\n<\/div><\/div><\/div><\/div><div id=\"pg-528-5\"  class=\"panel-grid panel-no-style\" ><div id=\"pgc-528-5-0\"  class=\"panel-grid-cell\" ><div id=\"panel-528-5-0-0\" class=\"so-panel widget widget_sow-editor panel-first-child panel-last-child\" data-index=\"8\" ><div class=\"so-widget-sow-editor so-widget-sow-editor-base\"><h3 class=\"widget-title\">Eventgastronomie<\/h3>\n<div class=\"siteorigin-widget-tinymce textwidget\">\n\t<p>Oder suchen Sie eine geeignete R\u00e4umlichkeit f\u00fcr Ihr n\u00e4chstes Fest?<\/p>\n<p>M\u00f6chten Sie Speisen vom Buffet, oder lieber eine Men\u00fcauswahl? Das alles k\u00f6nnen wir Ihnen bieten! Bei uns finden Sie den richtigen Rahmen und das passende Essen f\u00fcr Ihre Feier.<\/p>\n<p>Der Landgasthof Lacher Stall bietet:<\/p>\n<ul>\n<li>Unterschiedliche Gastr\u00e4ume von 4 bis 30 Personen,<\/li>\n<li>einen Saal f\u00fcr 60 bis 80 Personen,<\/li>\n<li>einen gem\u00fctlichen Biergarten mit Au\u00dfengrill,<\/li>\n<li>kostenlose Parkpl\u00e4tze und vieles mehr.<\/li>\n<\/ul>\n<p><a href=\"https:\/\/lacherstall.de\/cms\/eventgastronomie\/\">Mehr zum Thema Eventgastronomie finden Sie hier<\/a><\/p>\n<\/div>\n<\/div><\/div><\/div><div id=\"pgc-528-5-1\"  class=\"panel-grid-cell\" >\n          <div id=\"panel-528-5-1-0\" class=\"so-panel widget widget_kadence_gallery_widget kadence_gallery_widget panel-first-child panel-last-child\" data-index=\"9\" ><div id=\"kt_slider_widget-5-1-0\" class=\"slick-slider kad-light-gallery kt-slickslider loading kt-slider-same-image-ratio kad-wp-gallery\" data-slider-speed=\"8000\" data-slider-anim-speed=\"400\" data-slider-fade=\"true\" data-slider-type=\"slider\" data-slider-auto=\"true\" data-slider-thumbid=\"#kt_slider_widget-5-1-0-thumbs\" data-slider-arrows=\"true\" data-slider-initdelay=\"0\" data-slides-to-show=\"2\" data-slider-thumbs-showing=\"15\" style=\"max-width:1140px;\"><div class=\"kt-slick-slide\"><a href=\"https:\/\/lacherstall.de\/cms\/wp-content\/uploads\/2019\/06\/Collage_Kaminzimmer-624.jpg\" data-rel=\"lightbox\" class=\"kt-slider-image-link\"><div itemprop=\"image\" itemscope itemtype=\"http:\/\/schema.org\/ImageObject\"><img class=\"skip-lazy\" src=\"https:\/\/lacherstall.de\/cms\/wp-content\/uploads\/2019\/06\/Collage_Kaminzimmer-624.jpg\" width=\"624\" height=\"468\" alt=\"\" itemprop=\"contentUrl\" srcset=\"https:\/\/lacherstall.de\/cms\/wp-content\/uploads\/2019\/06\/Collage_Kaminzimmer-624.jpg 624w, https:\/\/lacherstall.de\/cms\/wp-content\/uploads\/2019\/06\/Collage_Kaminzimmer-624-300x225.jpg 300w, https:\/\/lacherstall.de\/cms\/wp-content\/uploads\/2019\/06\/Collage_Kaminzimmer-624-600x450.jpg 600w, https:\/\/lacherstall.de\/cms\/wp-content\/uploads\/2019\/06\/Collage_Kaminzimmer-624-400x300.jpg 400w\" sizes=\"(max-width: 624px) 100vw, 624px\"\/><meta itemprop=\"url\" content=\"https:\/\/lacherstall.de\/cms\/wp-content\/uploads\/2019\/06\/Collage_Kaminzimmer-624.jpg\"><meta itemprop=\"width\" content=\"624px\"><meta itemprop=\"height\" content=\"468px\"><\/div><\/a><\/div><div class=\"kt-slick-slide\"><a href=\"https:\/\/lacherstall.de\/cms\/wp-content\/uploads\/2019\/06\/collage-europasaal-624.jpg\" data-rel=\"lightbox\" class=\"kt-slider-image-link\"><div itemprop=\"image\" itemscope itemtype=\"http:\/\/schema.org\/ImageObject\"><img class=\"skip-lazy\" src=\"https:\/\/lacherstall.de\/cms\/wp-content\/uploads\/2019\/06\/collage-europasaal-624.jpg\" width=\"624\" height=\"468\" alt=\"\" itemprop=\"contentUrl\" srcset=\"https:\/\/lacherstall.de\/cms\/wp-content\/uploads\/2019\/06\/collage-europasaal-624.jpg 624w, https:\/\/lacherstall.de\/cms\/wp-content\/uploads\/2019\/06\/collage-europasaal-624-300x225.jpg 300w, https:\/\/lacherstall.de\/cms\/wp-content\/uploads\/2019\/06\/collage-europasaal-624-600x450.jpg 600w, https:\/\/lacherstall.de\/cms\/wp-content\/uploads\/2019\/06\/collage-europasaal-624-400x300.jpg 400w\" sizes=\"(max-width: 624px) 100vw, 624px\"\/><meta itemprop=\"url\" content=\"https:\/\/lacherstall.de\/cms\/wp-content\/uploads\/2019\/06\/collage-europasaal-624.jpg\"><meta itemprop=\"width\" content=\"624px\"><meta itemprop=\"height\" content=\"468px\"><\/div><\/a><\/div><div class=\"kt-slick-slide\"><a href=\"https:\/\/lacherstall.de\/cms\/wp-content\/uploads\/2019\/06\/Collage_Ofenzimmer-624.jpg\" data-rel=\"lightbox\" class=\"kt-slider-image-link\"><div itemprop=\"image\" itemscope itemtype=\"http:\/\/schema.org\/ImageObject\"><img class=\"skip-lazy\" src=\"https:\/\/lacherstall.de\/cms\/wp-content\/uploads\/2019\/06\/Collage_Ofenzimmer-624.jpg\" width=\"624\" height=\"468\" alt=\"Familienfeiern im Lachers Stall\" itemprop=\"contentUrl\" srcset=\"https:\/\/lacherstall.de\/cms\/wp-content\/uploads\/2019\/06\/Collage_Ofenzimmer-624.jpg 624w, https:\/\/lacherstall.de\/cms\/wp-content\/uploads\/2019\/06\/Collage_Ofenzimmer-624-300x225.jpg 300w, https:\/\/lacherstall.de\/cms\/wp-content\/uploads\/2019\/06\/Collage_Ofenzimmer-624-600x450.jpg 600w, https:\/\/lacherstall.de\/cms\/wp-content\/uploads\/2019\/06\/Collage_Ofenzimmer-624-400x300.jpg 400w\" sizes=\"(max-width: 624px) 100vw, 624px\"\/><meta itemprop=\"url\" content=\"https:\/\/lacherstall.de\/cms\/wp-content\/uploads\/2019\/06\/Collage_Ofenzimmer-624.jpg\"><meta itemprop=\"width\" content=\"624px\"><meta itemprop=\"height\" content=\"468px\"><\/div><\/a><\/div><\/div> <!--Image Slider--><\/div>\n    <\/div><\/div><div id=\"pg-528-6\"  class=\"panel-grid panel-no-style\" ><div id=\"pgc-528-6-0\"  class=\"panel-grid-cell panel-grid-cell-empty\" ><\/div><\/div><\/div><span class=\"kt-load-after-post\"><\/span>","protected":false},"excerpt":{"rendered":"<p>&nbsp; Genau richtig, wenn Sie im sch\u00f6nen Westerwald aktiv werden wollen oder ein paar entspannte Stunden genie\u00dfen m\u00f6chten. Unser Biergarten Unser z\u00fcnftiger Biergarten bietet viel Platz f\u00fcr Familien und Wandergruppen. Lassen Sie die Seele baumeln und g\u00f6nnen Sie sich ein &hellip; <a class=\"kt-excerpt-readmore more-link\" href=\"https:\/\/lacherstall.de\/cms\/landgasthof\/\" aria-label=\"Landgasthof\">Read More<\/a><\/p>\n","protected":false},"author":1,"featured_media":0,"parent":0,"menu_order":0,"comment_status":"closed","ping_status":"closed","template":"","meta":[],"yoast_head":"<!-- This site is optimized with the Yoast SEO plugin v16.8 - https:\/\/yoast.com\/wordpress\/plugins\/seo\/ -->\n<title>Landgasthof - Lacher Stall \/ Ro\u00dfbach Wied<\/title>\n<meta name=\"description\" content=\"Der Landgasthof Lacher Stall ist eine sch\u00f6ne Einkehrm\u00f6glichkeit, wenn Sie im Westerwald Wandern, Radfahren oder Motorrad fahren m\u00f6chten.\" \/>\n<meta name=\"robots\" content=\"index, follow, max-snippet:-1, max-image-preview:large, max-video-preview:-1\" \/>\n<link rel=\"canonical\" href=\"https:\/\/lacherstall.de\/cms\/landgasthof\/\" \/>\n<meta property=\"og:locale\" content=\"de_DE\" \/>\n<meta property=\"og:type\" content=\"article\" \/>\n<meta property=\"og:title\" content=\"Landgasthof - Lacher Stall \/ Ro\u00dfbach Wied\" \/>\n<meta property=\"og:description\" content=\"Der Landgasthof Lacher Stall ist eine sch\u00f6ne Einkehrm\u00f6glichkeit, wenn Sie im Westerwald Wandern, Radfahren oder Motorrad fahren m\u00f6chten.\" \/>\n<meta property=\"og:url\" content=\"https:\/\/lacherstall.de\/cms\/landgasthof\/\" \/>\n<meta property=\"og:site_name\" content=\"Lacher Stall \/ Ro\u00dfbach Wied\" \/>\n<meta property=\"article:modified_time\" content=\"2024-11-08T10:28:55+00:00\" \/>\n<meta name=\"twitter:card\" content=\"summary_large_image\" \/>\n<meta name=\"twitter:label1\" content=\"Gesch\u00e4tzte Lesezeit\" \/>\n\t<meta name=\"twitter:data1\" content=\"2\u00a0Minuten\" \/>\n<script type=\"application\/ld+json\" class=\"yoast-schema-graph\">{\"@context\":\"https:\/\/schema.org\",\"@graph\":[{\"@type\":\"Organization\",\"@id\":\"https:\/\/lacherstall.de\/cms\/#organization\",\"name\":\"Lacher Stall Ro\\u00dfbach Wied\",\"url\":\"https:\/\/lacherstall.de\/cms\/\",\"sameAs\":[],\"logo\":{\"@type\":\"ImageObject\",\"@id\":\"https:\/\/lacherstall.de\/cms\/#logo\",\"inLanguage\":\"de\",\"url\":\"https:\/\/lacherstall.de\/cms\/wp-content\/uploads\/2019\/05\/logo_lacher-stall_oben-mitte.jpg\",\"contentUrl\":\"https:\/\/lacherstall.de\/cms\/wp-content\/uploads\/2019\/05\/logo_lacher-stall_oben-mitte.jpg\",\"width\":846,\"height\":445,\"caption\":\"Lacher Stall Ro\\u00dfbach Wied\"},\"image\":{\"@id\":\"https:\/\/lacherstall.de\/cms\/#logo\"}},{\"@type\":\"WebSite\",\"@id\":\"https:\/\/lacherstall.de\/cms\/#website\",\"url\":\"https:\/\/lacherstall.de\/cms\/\",\"name\":\"Lacher Stall \/ Ro\\u00dfbach Wied\",\"description\":\"Landgasthof\",\"publisher\":{\"@id\":\"https:\/\/lacherstall.de\/cms\/#organization\"},\"potentialAction\":[{\"@type\":\"SearchAction\",\"target\":{\"@type\":\"EntryPoint\",\"urlTemplate\":\"https:\/\/lacherstall.de\/cms\/?s={search_term_string}\"},\"query-input\":\"required name=search_term_string\"}],\"inLanguage\":\"de\"},{\"@type\":\"WebPage\",\"@id\":\"https:\/\/lacherstall.de\/cms\/landgasthof\/#webpage\",\"url\":\"https:\/\/lacherstall.de\/cms\/landgasthof\/\",\"name\":\"Landgasthof - Lacher Stall \/ Ro\\u00dfbach Wied\",\"isPartOf\":{\"@id\":\"https:\/\/lacherstall.de\/cms\/#website\"},\"datePublished\":\"2019-05-27T12:57:02+00:00\",\"dateModified\":\"2024-11-08T10:28:55+00:00\",\"description\":\"Der Landgasthof Lacher Stall ist eine sch\\u00f6ne Einkehrm\\u00f6glichkeit, wenn Sie im Westerwald Wandern, Radfahren oder Motorrad fahren m\\u00f6chten.\",\"breadcrumb\":{\"@id\":\"https:\/\/lacherstall.de\/cms\/landgasthof\/#breadcrumb\"},\"inLanguage\":\"de\",\"potentialAction\":[{\"@type\":\"ReadAction\",\"target\":[\"https:\/\/lacherstall.de\/cms\/landgasthof\/\"]}]},{\"@type\":\"BreadcrumbList\",\"@id\":\"https:\/\/lacherstall.de\/cms\/landgasthof\/#breadcrumb\",\"itemListElement\":[{\"@type\":\"ListItem\",\"position\":1,\"name\":\"Startseite\",\"item\":\"https:\/\/lacherstall.de\/cms\/\"},{\"@type\":\"ListItem\",\"position\":2,\"name\":\"Landgasthof\"}]}]}<\/script>\n<!-- \/ Yoast SEO plugin. -->","yoast_head_json":{"title":"Landgasthof - Lacher Stall \/ Ro\u00dfbach Wied","description":"Der Landgasthof Lacher Stall ist eine sch\u00f6ne Einkehrm\u00f6glichkeit, wenn Sie im Westerwald Wandern, Radfahren oder Motorrad fahren m\u00f6chten.","robots":{"index":"index","follow":"follow","max-snippet":"max-snippet:-1","max-image-preview":"max-image-preview:large","max-video-preview":"max-video-preview:-1"},"canonical":"https:\/\/lacherstall.de\/cms\/landgasthof\/","og_locale":"de_DE","og_type":"article","og_title":"Landgasthof - Lacher Stall \/ Ro\u00dfbach Wied","og_description":"Der Landgasthof Lacher Stall ist eine sch\u00f6ne Einkehrm\u00f6glichkeit, wenn Sie im Westerwald Wandern, Radfahren oder Motorrad fahren m\u00f6chten.","og_url":"https:\/\/lacherstall.de\/cms\/landgasthof\/","og_site_name":"Lacher Stall \/ Ro\u00dfbach Wied","article_modified_time":"2024-11-08T10:28:55+00:00","twitter_card":"summary_large_image","twitter_misc":{"Gesch\u00e4tzte Lesezeit":"2\u00a0Minuten"},"schema":{"@context":"https:\/\/schema.org","@graph":[{"@type":"Organization","@id":"https:\/\/lacherstall.de\/cms\/#organization","name":"Lacher Stall Ro\u00dfbach Wied","url":"https:\/\/lacherstall.de\/cms\/","sameAs":[],"logo":{"@type":"ImageObject","@id":"https:\/\/lacherstall.de\/cms\/#logo","inLanguage":"de","url":"https:\/\/lacherstall.de\/cms\/wp-content\/uploads\/2019\/05\/logo_lacher-stall_oben-mitte.jpg","contentUrl":"https:\/\/lacherstall.de\/cms\/wp-content\/uploads\/2019\/05\/logo_lacher-stall_oben-mitte.jpg","width":846,"height":445,"caption":"Lacher Stall Ro\u00dfbach Wied"},"image":{"@id":"https:\/\/lacherstall.de\/cms\/#logo"}},{"@type":"WebSite","@id":"https:\/\/lacherstall.de\/cms\/#website","url":"https:\/\/lacherstall.de\/cms\/","name":"Lacher Stall \/ Ro\u00dfbach Wied","description":"Landgasthof","publisher":{"@id":"https:\/\/lacherstall.de\/cms\/#organization"},"potentialAction":[{"@type":"SearchAction","target":{"@type":"EntryPoint","urlTemplate":"https:\/\/lacherstall.de\/cms\/?s={search_term_string}"},"query-input":"required name=search_term_string"}],"inLanguage":"de"},{"@type":"WebPage","@id":"https:\/\/lacherstall.de\/cms\/landgasthof\/#webpage","url":"https:\/\/lacherstall.de\/cms\/landgasthof\/","name":"Landgasthof - Lacher Stall \/ Ro\u00dfbach Wied","isPartOf":{"@id":"https:\/\/lacherstall.de\/cms\/#website"},"datePublished":"2019-05-27T12:57:02+00:00","dateModified":"2024-11-08T10:28:55+00:00","description":"Der Landgasthof Lacher Stall ist eine sch\u00f6ne Einkehrm\u00f6glichkeit, wenn Sie im Westerwald Wandern, Radfahren oder Motorrad fahren m\u00f6chten.","breadcrumb":{"@id":"https:\/\/lacherstall.de\/cms\/landgasthof\/#breadcrumb"},"inLanguage":"de","potentialAction":[{"@type":"ReadAction","target":["https:\/\/lacherstall.de\/cms\/landgasthof\/"]}]},{"@type":"BreadcrumbList","@id":"https:\/\/lacherstall.de\/cms\/landgasthof\/#breadcrumb","itemListElement":[{"@type":"ListItem","position":1,"name":"Startseite","item":"https:\/\/lacherstall.de\/cms\/"},{"@type":"ListItem","position":2,"name":"Landgasthof"}]}]}},"_links":{"self":[{"href":"https:\/\/lacherstall.de\/cms\/wp-json\/wp\/v2\/pages\/528"}],"collection":[{"href":"https:\/\/lacherstall.de\/cms\/wp-json\/wp\/v2\/pages"}],"about":[{"href":"https:\/\/lacherstall.de\/cms\/wp-json\/wp\/v2\/types\/page"}],"author":[{"embeddable":true,"href":"https:\/\/lacherstall.de\/cms\/wp-json\/wp\/v2\/users\/1"}],"replies":[{"embeddable":true,"href":"https:\/\/lacherstall.de\/cms\/wp-json\/wp\/v2\/comments?post=528"}],"version-history":[{"count":65,"href":"https:\/\/lacherstall.de\/cms\/wp-json\/wp\/v2\/pages\/528\/revisions"}],"predecessor-version":[{"id":12272,"href":"https:\/\/lacherstall.de\/cms\/wp-json\/wp\/v2\/pages\/528\/revisions\/12272"}],"wp:attachment":[{"href":"https:\/\/lacherstall.de\/cms\/wp-json\/wp\/v2\/media?parent=528"}],"curies":[{"name":"wp","href":"https:\/\/api.w.org\/{rel}","templated":true}]}}