{"id":663,"date":"2019-05-29T10:38:52","date_gmt":"2019-05-29T10:38:52","guid":{"rendered":"http:\/\/lacherstall.de\/cmscms\/?page_id=663"},"modified":"2025-03-07T16:47:35","modified_gmt":"2025-03-07T15:47:35","slug":"willkommen-beim-lacherstall-newsletter","status":"publish","type":"page","link":"https:\/\/lacherstall.de\/cms\/willkommen-beim-lacherstall-newsletter\/","title":{"rendered":"Willkommen beim Lacherstall Newsletter"},"content":{"rendered":"<div id=\"pl-663\"  class=\"panel-layout\" ><div id=\"pg-663-0\"  class=\"panel-grid panel-no-style\" ><div id=\"pgc-663-0-0\"  class=\"panel-grid-cell panel-grid-cell-empty\" ><\/div><\/div><div id=\"pg-663-1\"  class=\"panel-grid panel-no-style\" ><div id=\"pgc-663-1-0\"  class=\"panel-grid-cell\" ><div id=\"panel-663-1-0-0\" class=\"so-panel widget widget_sow-editor panel-first-child panel-last-child\" data-index=\"0\" ><div class=\"so-widget-sow-editor so-widget-sow-editor-base\">\n<div class=\"siteorigin-widget-tinymce textwidget\">\n\t<p><a href=\"https:\/\/lacherstall.de\/cms\/wp-content\/uploads\/2019\/05\/daumen-hoch_160040.jpg\"><img class=\"wp-image-664 alignright\" src=\"https:\/\/lacherstall.de\/cms\/wp-content\/uploads\/2019\/05\/daumen-hoch_160040.jpg\" alt=\"\" width=\"163\" height=\"208\" \/><\/a>Vielen Dank f\u00fcr Ihre Anmeldung. Die Anmeldung ist vollst\u00e4ndig abgeschlossen und Sie erhalten den Lacher Stall Newsletter mit der n\u00e4chsten Zusendung.<\/p>\n<p>Wir freuen uns Ihnen mit unserem E-Mail Newsletter Infos, Gutscheinaktionen und kurzfristige Angebote rund um den Lacher Stall n\u00e4her zu bringen.<\/p>\n<p>Christiana Melzer<\/p>\n<\/div>\n<\/div><\/div><\/div><div id=\"pgc-663-1-1\"  class=\"panel-grid-cell\" ><div id=\"panel-663-1-1-0\" class=\"so-panel widget widget_kadence_about_with_image kadence_about_with_image panel-first-child panel-last-child\" data-index=\"1\" ><div class=\"kad_img_upload_widget kt-shape-type-kt-image-shape-standard kt-image-align-left kt-image-widget-widget-1-1-0\"><a href=\"https:\/\/lacherstall.de\/cms\/wp-content\/uploads\/2015\/07\/DSCF8315-2.jpg\" rel=\"lightbox\"><div class=\"kt-image-contain kt-image-shadow-none kt-image-shape-standard\"><div class=\"kt-image-inner-contain\"><img width=\"700\" height=\"200\" src=\"https:\/\/lacherstall.de\/cms\/wp-content\/uploads\/2015\/07\/DSCF8315-2.jpg\" class=\"attachment-full size-full\" alt=\"\" loading=\"lazy\" srcset=\"https:\/\/lacherstall.de\/cms\/wp-content\/uploads\/2015\/07\/DSCF8315-2.jpg 700w, https:\/\/lacherstall.de\/cms\/wp-content\/uploads\/2015\/07\/DSCF8315-2-600x171.jpg 600w, https:\/\/lacherstall.de\/cms\/wp-content\/uploads\/2015\/07\/DSCF8315-2-300x86.jpg 300w\" sizes=\"(max-width: 700px) 100vw, 700px\" \/><\/div><\/div><\/a><\/div><\/div><\/div><\/div><div id=\"pg-663-2\"  class=\"panel-grid panel-no-style\" ><div id=\"pgc-663-2-0\"  class=\"panel-grid-cell panel-grid-cell-empty\" ><\/div><\/div><\/div><span class=\"kt-load-after-post\"><\/span>","protected":false},"excerpt":{"rendered":"<p>Vielen Dank f\u00fcr Ihre Anmeldung. Die Anmeldung ist vollst\u00e4ndig abgeschlossen und Sie erhalten den Lacher Stall Newsletter mit der n\u00e4chsten Zusendung. Wir freuen uns Ihnen mit unserem E-Mail Newsletter Infos, Gutscheinaktionen und kurzfristige Angebote rund um den Lacher Stall n\u00e4her &hellip; <a class=\"kt-excerpt-readmore more-link\" href=\"https:\/\/lacherstall.de\/cms\/willkommen-beim-lacherstall-newsletter\/\" aria-label=\"Willkommen beim Lacherstall Newsletter\">Read More<\/a><\/p>\n","protected":false},"author":1,"featured_media":0,"parent":0,"menu_order":0,"comment_status":"closed","ping_status":"closed","template":"","meta":[],"yoast_head":"<!-- This site is optimized with the Yoast SEO plugin v16.8 - https:\/\/yoast.com\/wordpress\/plugins\/seo\/ -->\n<title>Willkommen beim Lacherstall Newsletter - Lacher Stall \/ Ro\u00dfbach Wied<\/title>\n<meta name=\"robots\" content=\"index, follow, max-snippet:-1, max-image-preview:large, max-video-preview:-1\" \/>\n<link rel=\"canonical\" href=\"https:\/\/lacherstall.de\/cms\/willkommen-beim-lacherstall-newsletter\/\" \/>\n<meta property=\"og:locale\" content=\"de_DE\" \/>\n<meta property=\"og:type\" content=\"article\" \/>\n<meta property=\"og:title\" content=\"Willkommen beim Lacherstall Newsletter - Lacher Stall \/ Ro\u00dfbach Wied\" \/>\n<meta property=\"og:description\" content=\"Vielen Dank f\u00fcr Ihre Anmeldung. Die Anmeldung ist vollst\u00e4ndig abgeschlossen und Sie erhalten den Lacher Stall Newsletter mit der n\u00e4chsten Zusendung. Wir freuen uns Ihnen mit unserem E-Mail Newsletter Infos, Gutscheinaktionen und kurzfristige Angebote rund um den Lacher Stall n\u00e4her &hellip; Read More\" \/>\n<meta property=\"og:url\" content=\"https:\/\/lacherstall.de\/cms\/willkommen-beim-lacherstall-newsletter\/\" \/>\n<meta property=\"og:site_name\" content=\"Lacher Stall \/ Ro\u00dfbach Wied\" \/>\n<meta property=\"article:modified_time\" content=\"2025-03-07T15:47:35+00:00\" \/>\n<meta property=\"og:image\" content=\"https:\/\/lacherstall.de\/cms\/wp-content\/uploads\/2019\/05\/daumen-hoch_160040.jpg\" \/>\n<meta name=\"twitter:card\" content=\"summary_large_image\" \/>\n<meta name=\"twitter:label1\" content=\"Gesch\u00e4tzte Lesezeit\" \/>\n\t<meta name=\"twitter:data1\" content=\"1\u00a0Minute\" \/>\n<script type=\"application\/ld+json\" class=\"yoast-schema-graph\">{\"@context\":\"https:\/\/schema.org\",\"@graph\":[{\"@type\":\"Organization\",\"@id\":\"https:\/\/lacherstall.de\/cms\/#organization\",\"name\":\"Lacher Stall Ro\\u00dfbach Wied\",\"url\":\"https:\/\/lacherstall.de\/cms\/\",\"sameAs\":[],\"logo\":{\"@type\":\"ImageObject\",\"@id\":\"https:\/\/lacherstall.de\/cms\/#logo\",\"inLanguage\":\"de\",\"url\":\"https:\/\/lacherstall.de\/cms\/wp-content\/uploads\/2019\/05\/logo_lacher-stall_oben-mitte.jpg\",\"contentUrl\":\"https:\/\/lacherstall.de\/cms\/wp-content\/uploads\/2019\/05\/logo_lacher-stall_oben-mitte.jpg\",\"width\":846,\"height\":445,\"caption\":\"Lacher Stall Ro\\u00dfbach Wied\"},\"image\":{\"@id\":\"https:\/\/lacherstall.de\/cms\/#logo\"}},{\"@type\":\"WebSite\",\"@id\":\"https:\/\/lacherstall.de\/cms\/#website\",\"url\":\"https:\/\/lacherstall.de\/cms\/\",\"name\":\"Lacher Stall \/ Ro\\u00dfbach Wied\",\"description\":\"Landgasthof\",\"publisher\":{\"@id\":\"https:\/\/lacherstall.de\/cms\/#organization\"},\"potentialAction\":[{\"@type\":\"SearchAction\",\"target\":{\"@type\":\"EntryPoint\",\"urlTemplate\":\"https:\/\/lacherstall.de\/cms\/?s={search_term_string}\"},\"query-input\":\"required name=search_term_string\"}],\"inLanguage\":\"de\"},{\"@type\":\"ImageObject\",\"@id\":\"https:\/\/lacherstall.de\/cms\/willkommen-beim-lacherstall-newsletter\/#primaryimage\",\"inLanguage\":\"de\",\"url\":\"https:\/\/lacherstall.de\/cms\/wp-content\/uploads\/2019\/05\/daumen-hoch_160040.jpg\",\"contentUrl\":\"https:\/\/lacherstall.de\/cms\/wp-content\/uploads\/2019\/05\/daumen-hoch_160040.jpg\",\"width\":501,\"height\":640},{\"@type\":\"WebPage\",\"@id\":\"https:\/\/lacherstall.de\/cms\/willkommen-beim-lacherstall-newsletter\/#webpage\",\"url\":\"https:\/\/lacherstall.de\/cms\/willkommen-beim-lacherstall-newsletter\/\",\"name\":\"Willkommen beim Lacherstall Newsletter - Lacher Stall \/ Ro\\u00dfbach Wied\",\"isPartOf\":{\"@id\":\"https:\/\/lacherstall.de\/cms\/#website\"},\"primaryImageOfPage\":{\"@id\":\"https:\/\/lacherstall.de\/cms\/willkommen-beim-lacherstall-newsletter\/#primaryimage\"},\"datePublished\":\"2019-05-29T10:38:52+00:00\",\"dateModified\":\"2025-03-07T15:47:35+00:00\",\"breadcrumb\":{\"@id\":\"https:\/\/lacherstall.de\/cms\/willkommen-beim-lacherstall-newsletter\/#breadcrumb\"},\"inLanguage\":\"de\",\"potentialAction\":[{\"@type\":\"ReadAction\",\"target\":[\"https:\/\/lacherstall.de\/cms\/willkommen-beim-lacherstall-newsletter\/\"]}]},{\"@type\":\"BreadcrumbList\",\"@id\":\"https:\/\/lacherstall.de\/cms\/willkommen-beim-lacherstall-newsletter\/#breadcrumb\",\"itemListElement\":[{\"@type\":\"ListItem\",\"position\":1,\"name\":\"Startseite\",\"item\":\"https:\/\/lacherstall.de\/cms\/\"},{\"@type\":\"ListItem\",\"position\":2,\"name\":\"Willkommen beim Lacherstall Newsletter\"}]}]}<\/script>\n<!-- \/ Yoast SEO plugin. -->","yoast_head_json":{"title":"Willkommen beim Lacherstall Newsletter - Lacher Stall \/ Ro\u00dfbach Wied","robots":{"index":"index","follow":"follow","max-snippet":"max-snippet:-1","max-image-preview":"max-image-preview:large","max-video-preview":"max-video-preview:-1"},"canonical":"https:\/\/lacherstall.de\/cms\/willkommen-beim-lacherstall-newsletter\/","og_locale":"de_DE","og_type":"article","og_title":"Willkommen beim Lacherstall Newsletter - Lacher Stall \/ Ro\u00dfbach Wied","og_description":"Vielen Dank f\u00fcr Ihre Anmeldung. Die Anmeldung ist vollst\u00e4ndig abgeschlossen und Sie erhalten den Lacher Stall Newsletter mit der n\u00e4chsten Zusendung. Wir freuen uns Ihnen mit unserem E-Mail Newsletter Infos, Gutscheinaktionen und kurzfristige Angebote rund um den Lacher Stall n\u00e4her &hellip; Read More","og_url":"https:\/\/lacherstall.de\/cms\/willkommen-beim-lacherstall-newsletter\/","og_site_name":"Lacher Stall \/ Ro\u00dfbach Wied","article_modified_time":"2025-03-07T15:47:35+00:00","og_image":[{"url":"https:\/\/lacherstall.de\/cms\/wp-content\/uploads\/2019\/05\/daumen-hoch_160040.jpg"}],"twitter_card":"summary_large_image","twitter_misc":{"Gesch\u00e4tzte Lesezeit":"1\u00a0Minute"},"schema":{"@context":"https:\/\/schema.org","@graph":[{"@type":"Organization","@id":"https:\/\/lacherstall.de\/cms\/#organization","name":"Lacher Stall Ro\u00dfbach Wied","url":"https:\/\/lacherstall.de\/cms\/","sameAs":[],"logo":{"@type":"ImageObject","@id":"https:\/\/lacherstall.de\/cms\/#logo","inLanguage":"de","url":"https:\/\/lacherstall.de\/cms\/wp-content\/uploads\/2019\/05\/logo_lacher-stall_oben-mitte.jpg","contentUrl":"https:\/\/lacherstall.de\/cms\/wp-content\/uploads\/2019\/05\/logo_lacher-stall_oben-mitte.jpg","width":846,"height":445,"caption":"Lacher Stall Ro\u00dfbach Wied"},"image":{"@id":"https:\/\/lacherstall.de\/cms\/#logo"}},{"@type":"WebSite","@id":"https:\/\/lacherstall.de\/cms\/#website","url":"https:\/\/lacherstall.de\/cms\/","name":"Lacher Stall \/ Ro\u00dfbach Wied","description":"Landgasthof","publisher":{"@id":"https:\/\/lacherstall.de\/cms\/#organization"},"potentialAction":[{"@type":"SearchAction","target":{"@type":"EntryPoint","urlTemplate":"https:\/\/lacherstall.de\/cms\/?s={search_term_string}"},"query-input":"required name=search_term_string"}],"inLanguage":"de"},{"@type":"ImageObject","@id":"https:\/\/lacherstall.de\/cms\/willkommen-beim-lacherstall-newsletter\/#primaryimage","inLanguage":"de","url":"https:\/\/lacherstall.de\/cms\/wp-content\/uploads\/2019\/05\/daumen-hoch_160040.jpg","contentUrl":"https:\/\/lacherstall.de\/cms\/wp-content\/uploads\/2019\/05\/daumen-hoch_160040.jpg","width":501,"height":640},{"@type":"WebPage","@id":"https:\/\/lacherstall.de\/cms\/willkommen-beim-lacherstall-newsletter\/#webpage","url":"https:\/\/lacherstall.de\/cms\/willkommen-beim-lacherstall-newsletter\/","name":"Willkommen beim Lacherstall Newsletter - Lacher Stall \/ Ro\u00dfbach Wied","isPartOf":{"@id":"https:\/\/lacherstall.de\/cms\/#website"},"primaryImageOfPage":{"@id":"https:\/\/lacherstall.de\/cms\/willkommen-beim-lacherstall-newsletter\/#primaryimage"},"datePublished":"2019-05-29T10:38:52+00:00","dateModified":"2025-03-07T15:47:35+00:00","breadcrumb":{"@id":"https:\/\/lacherstall.de\/cms\/willkommen-beim-lacherstall-newsletter\/#breadcrumb"},"inLanguage":"de","potentialAction":[{"@type":"ReadAction","target":["https:\/\/lacherstall.de\/cms\/willkommen-beim-lacherstall-newsletter\/"]}]},{"@type":"BreadcrumbList","@id":"https:\/\/lacherstall.de\/cms\/willkommen-beim-lacherstall-newsletter\/#breadcrumb","itemListElement":[{"@type":"ListItem","position":1,"name":"Startseite","item":"https:\/\/lacherstall.de\/cms\/"},{"@type":"ListItem","position":2,"name":"Willkommen beim Lacherstall Newsletter"}]}]}},"_links":{"self":[{"href":"https:\/\/lacherstall.de\/cms\/wp-json\/wp\/v2\/pages\/663"}],"collection":[{"href":"https:\/\/lacherstall.de\/cms\/wp-json\/wp\/v2\/pages"}],"about":[{"href":"https:\/\/lacherstall.de\/cms\/wp-json\/wp\/v2\/types\/page"}],"author":[{"embeddable":true,"href":"https:\/\/lacherstall.de\/cms\/wp-json\/wp\/v2\/users\/1"}],"replies":[{"embeddable":true,"href":"https:\/\/lacherstall.de\/cms\/wp-json\/wp\/v2\/comments?post=663"}],"version-history":[{"count":13,"href":"https:\/\/lacherstall.de\/cms\/wp-json\/wp\/v2\/pages\/663\/revisions"}],"predecessor-version":[{"id":13831,"href":"https:\/\/lacherstall.de\/cms\/wp-json\/wp\/v2\/pages\/663\/revisions\/13831"}],"wp:attachment":[{"href":"https:\/\/lacherstall.de\/cms\/wp-json\/wp\/v2\/media?parent=663"}],"curies":[{"name":"wp","href":"https:\/\/api.w.org\/{rel}","templated":true}]}}