{"id":942,"date":"2019-06-26T12:21:54","date_gmt":"2019-06-26T12:21:54","guid":{"rendered":"http:\/\/lacherstall.de\/cmscms\/?page_id=942"},"modified":"2024-07-28T11:20:26","modified_gmt":"2024-07-28T09:20:26","slug":"reservierung","status":"publish","type":"page","link":"https:\/\/lacherstall.de\/cms\/reservierung\/","title":{"rendered":"Reservierung"},"content":{"rendered":"<div id=\"pl-942\"  class=\"panel-layout\" ><div id=\"pg-942-0\"  class=\"panel-grid panel-no-style\" ><div id=\"pgc-942-0-0\"  class=\"panel-grid-cell\" ><div id=\"panel-942-0-0-0\" class=\"so-panel widget widget_text panel-first-child panel-last-child\" data-index=\"0\" >\t\t\t<div class=\"textwidget\"><\/div>\n\t\t<\/div><\/div><\/div><div id=\"pg-942-1\"  class=\"panel-grid panel-no-style\" ><div id=\"pgc-942-1-0\"  class=\"panel-grid-cell\" ><div id=\"panel-942-1-0-0\" class=\"so-panel widget widget_sow-editor panel-first-child panel-last-child\" data-index=\"1\" ><div class=\"so-widget-sow-editor so-widget-sow-editor-base\">\n<div class=\"siteorigin-widget-tinymce textwidget\">\n\t<div role=\"form\" class=\"wpcf7\" id=\"wpcf7-f941-o2\" lang=\"de-DE\" dir=\"ltr\">\n<div class=\"screen-reader-response\"><p role=\"status\" aria-live=\"polite\" aria-atomic=\"true\"><\/p> <ul><\/ul><\/div>\n<form action=\"\/cms\/wp-json\/wp\/v2\/pages\/942#wpcf7-f941-o2\" method=\"post\" class=\"wpcf7-form init cf7-style\" novalidate=\"novalidate\" data-status=\"init\">\n<div style=\"display: none;\">\n<input type=\"hidden\" name=\"_wpcf7\" value=\"941\" \/>\n<input type=\"hidden\" name=\"_wpcf7_version\" value=\"5.4.2\" \/>\n<input type=\"hidden\" name=\"_wpcf7_locale\" value=\"de_DE\" \/>\n<input type=\"hidden\" name=\"_wpcf7_unit_tag\" value=\"wpcf7-f941-o2\" \/>\n<input type=\"hidden\" name=\"_wpcf7_container_post\" value=\"0\" \/>\n<input type=\"hidden\" name=\"_wpcf7_posted_data_hash\" value=\"\" \/>\n<\/div>\n<p><span id=\"wpcf7-69f4ea930cc35-wrapper\" class=\"wpcf7-form-control-wrap website-wrap\" style=\"display:none !important; visibility:hidden !important;\"><label for=\"wpcf7-69f4ea930cc35-field\" class=\"hp-message\">Bitte lasse dieses Feld leer.<\/label><input id=\"wpcf7-69f4ea930cc35-field\"  class=\"wpcf7-form-control wpcf7-text\" type=\"text\" name=\"website\" value=\"\" size=\"40\" tabindex=\"-1\" autocomplete=\"new-password\" \/><\/span><\/p>\n<p><label> Ihr Name<br \/>\n    <span class=\"wpcf7-form-control-wrap your-name\"><input type=\"text\" name=\"your-name\" value=\"\" size=\"40\" class=\"wpcf7-form-control wpcf7-text\" aria-invalid=\"false\" \/><\/span> <\/label><br \/>\n<label> Ihre E-Mail (Pflichtfeld)<br \/>\n    <span class=\"wpcf7-form-control-wrap your-email\"><input type=\"email\" name=\"your-email\" value=\"\" size=\"40\" class=\"wpcf7-form-control wpcf7-text wpcf7-email wpcf7-validates-as-required wpcf7-validates-as-email\" aria-required=\"true\" aria-invalid=\"false\" \/><\/span> <\/label><br \/>\n<label> Ihre Rufnummer (Bevorzugt eine mobile Nummer)<br \/>\n    <span class=\"wpcf7-form-control-wrap rufnummer\"><input type=\"text\" name=\"rufnummer\" value=\"\" size=\"40\" class=\"wpcf7-form-control wpcf7-text\" aria-invalid=\"false\" \/><\/span> <\/label><\/p>\n<p>Wann m\u00f6chten Sie Reservieren?<br \/>\n&nbsp;<br \/>\n<span class=\"wpcf7-form-control-wrap date-194\"><input type=\"date\" name=\"date-194\" value=\"\" class=\"wpcf7-form-control wpcf7-date wpcf7-validates-as-date\" aria-invalid=\"false\" \/><\/span><br \/>\n&nbsp;<br \/>\nWelche Uhrzeit?<br \/>\n&nbsp;<br \/>\n<span class=\"wpcf7-form-control-wrap text-767\"><input type=\"text\" name=\"text-767\" value=\"\" size=\"40\" class=\"wpcf7-form-control wpcf7-text\" aria-invalid=\"false\" placeholder=\"20:00 Uhr\" \/><\/span><br \/>\n&nbsp;<br \/>\nF\u00fcr wie viele Personen m\u00f6chten Sie reservieren?<br \/>\n&nbsp;<br \/>\n<span class=\"wpcf7-form-control-wrap number-214\"><input type=\"number\" name=\"number-214\" value=\"4\" class=\"wpcf7-form-control wpcf7-number wpcf7-validates-as-number\" min=\"1\" max=\"20\" aria-invalid=\"false\" \/><\/span><br \/>\n&nbsp;<br \/>\nWo m\u00f6chten Sie sitzen?<br \/>\n&nbsp;<\/p>\n<p><span class=\"wpcf7-form-control-wrap checkbox-996\"><span class=\"wpcf7-form-control wpcf7-checkbox\"><span class=\"wpcf7-list-item first\"><input type=\"checkbox\" name=\"checkbox-996[]\" value=\"Im Biergarten\" \/><span class=\"wpcf7-list-item-label\">Im Biergarten<\/span><\/span><span class=\"wpcf7-list-item\"><input type=\"checkbox\" name=\"checkbox-996[]\" value=\"Um den Au\u00dfengrill herum im Biergarten (Max 8 Personen)\" \/><span class=\"wpcf7-list-item-label\">Um den Au\u00dfengrill herum im Biergarten (Max 8 Personen)<\/span><\/span><span class=\"wpcf7-list-item\"><input type=\"checkbox\" name=\"checkbox-996[]\" value=\"Im Wintergarten\" \/><span class=\"wpcf7-list-item-label\">Im Wintergarten<\/span><\/span><span class=\"wpcf7-list-item\"><input type=\"checkbox\" name=\"checkbox-996[]\" value=\"Im Kaminzimmer\" \/><span class=\"wpcf7-list-item-label\">Im Kaminzimmer<\/span><\/span><span class=\"wpcf7-list-item last\"><input type=\"checkbox\" name=\"checkbox-996[]\" value=\"Im Kaminzimmer am runden Tisch (Max 8 Personen)\" \/><span class=\"wpcf7-list-item-label\">Im Kaminzimmer am runden Tisch (Max 8 Personen)<\/span><\/span><\/span><\/span><\/p>\n<p>&nbsp;<br \/>\n<label> Haben Sie noch Anmerkungen oder wichtige Infos f\u00fcr uns?<br \/>\n    <span class=\"wpcf7-form-control-wrap your-message\"><textarea name=\"your-message\" cols=\"40\" rows=\"10\" class=\"wpcf7-form-control wpcf7-textarea\" aria-invalid=\"false\"><\/textarea><\/span> <\/label><\/p>\n<p>Wir bem\u00fchen uns, Ihnen schnellstm\u00f6glich eine R\u00fcckantwort zu senden oder Sie zur\u00fcckzurufen. Nach der Best\u00e4tigung garantieren wir Ihnen den Platz nat\u00fcrlich.<br \/>\n&nbsp;<br \/>\n<span class=\"wpcf7-form-control-wrap acceptance-769\"><span class=\"wpcf7-form-control wpcf7-acceptance\"><span class=\"wpcf7-list-item\"><label><input type=\"checkbox\" name=\"acceptance-769\" value=\"1\" aria-invalid=\"false\" \/><span class=\"wpcf7-list-item-label\"><em>Ich habe die&nbsp;<u><a href=\"https:\/\/lacherstall.de\/cms\/datenschutzerklaerung\/\" target=\"_blank\">Datenschutzerkl\u00e4rung<\/a><\/u>&nbsp;zur Kenntnis  genommen. Ich stimme zu, dass meine Angaben und Daten zur Beantwortung meiner  Anfrage elektronisch erhoben und gespeichert werden.<\/em> <em>&nbsp;Hinweis: Sie k\u00f6nnen Ihre Einwilligung jederzeit f\u00fcr die  Zukunft per E-Mail an&nbsp;<\/em><em><a href=\"mailto:info@lacherstall.de \">info@lacherstall.de<\/a><\/em>&nbsp;<em>widerrufen.<\/em><\/span><\/label><\/span><\/span><\/span><\/p>\n<p><input type=\"submit\" value=\"Senden\" class=\"wpcf7-form-control wpcf7-submit\" \/><\/p>\n<input type='hidden' class='wpcf7-pum' value='{\"closepopup\":false,\"closedelay\":0,\"openpopup\":false,\"openpopup_id\":0}' \/><div class=\"wpcf7-response-output\" aria-hidden=\"true\"><\/div><\/form><\/div>\n<\/div>\n<\/div><\/div><\/div><div id=\"pgc-942-1-1\"  class=\"panel-grid-cell\" ><div id=\"panel-942-1-1-0\" class=\"so-panel widget widget_kadence_about_with_image kadence_about_with_image panel-first-child panel-last-child\" data-index=\"2\" ><div class=\"kad_img_upload_widget kt-shape-type-kt-image-shape-standard kt-image-align-center kt-image-widget-widget-1-1-0\"><a href=\"https:\/\/lacherstall.de\/cms\/impressum\/\" target=\"_self\"><div class=\"kt-image-contain kt-image-shadow-large_below kt-image-shape-standard\"><div class=\"kt-image-inner-contain\"><img width=\"664\" height=\"935\" src=\"https:\/\/lacherstall.de\/cms\/wp-content\/uploads\/2019\/06\/lacherstall_plakat.jpg\" class=\"attachment-full size-full\" alt=\"\" loading=\"lazy\" srcset=\"https:\/\/lacherstall.de\/cms\/wp-content\/uploads\/2019\/06\/lacherstall_plakat.jpg 664w, https:\/\/lacherstall.de\/cms\/wp-content\/uploads\/2019\/06\/lacherstall_plakat-213x300.jpg 213w, https:\/\/lacherstall.de\/cms\/wp-content\/uploads\/2019\/06\/lacherstall_plakat-600x845.jpg 600w\" sizes=\"(max-width: 664px) 100vw, 664px\" \/><\/div><\/div><\/a><\/div><\/div><\/div><\/div><div id=\"pg-942-2\"  class=\"panel-grid panel-no-style\" ><div id=\"pgc-942-2-0\"  class=\"panel-grid-cell panel-grid-cell-empty\" ><\/div><\/div><\/div><span class=\"kt-load-after-post\"><\/span>","protected":false},"excerpt":{"rendered":"<p>Bitte lasse dieses Feld leer. Ihr Name Ihre E-Mail (Pflichtfeld) Ihre Rufnummer (Bevorzugt eine mobile Nummer) Wann m\u00f6chten Sie Reservieren? &nbsp; &nbsp; Welche Uhrzeit? &nbsp; &nbsp; F\u00fcr wie viele Personen m\u00f6chten Sie reservieren? &nbsp; &nbsp; Wo m\u00f6chten Sie sitzen? &nbsp; &hellip; <a class=\"kt-excerpt-readmore more-link\" href=\"https:\/\/lacherstall.de\/cms\/reservierung\/\" aria-label=\"Reservierung\">Read More<\/a><\/p>\n","protected":false},"author":1,"featured_media":0,"parent":0,"menu_order":0,"comment_status":"closed","ping_status":"closed","template":"","meta":[],"yoast_head":"<!-- This site is optimized with the Yoast SEO plugin v16.8 - https:\/\/yoast.com\/wordpress\/plugins\/seo\/ -->\n<title>Reservierung - Lacher Stall \/ Ro\u00dfbach Wied<\/title>\n<meta name=\"robots\" content=\"index, follow, max-snippet:-1, max-image-preview:large, max-video-preview:-1\" \/>\n<link rel=\"canonical\" href=\"https:\/\/lacherstall.de\/cms\/reservierung\/\" \/>\n<meta property=\"og:locale\" content=\"de_DE\" \/>\n<meta property=\"og:type\" content=\"article\" \/>\n<meta property=\"og:title\" content=\"Reservierung - Lacher Stall \/ Ro\u00dfbach Wied\" \/>\n<meta property=\"og:description\" content=\"Bitte lasse dieses Feld leer. Ihr Name Ihre E-Mail (Pflichtfeld) Ihre Rufnummer (Bevorzugt eine mobile Nummer) Wann m\u00f6chten Sie Reservieren? &nbsp; &nbsp; Welche Uhrzeit? &nbsp; &nbsp; F\u00fcr wie viele Personen m\u00f6chten Sie reservieren? &nbsp; &nbsp; Wo m\u00f6chten Sie sitzen? &nbsp; &hellip; Read More\" \/>\n<meta property=\"og:url\" content=\"https:\/\/lacherstall.de\/cms\/reservierung\/\" \/>\n<meta property=\"og:site_name\" content=\"Lacher Stall \/ Ro\u00dfbach Wied\" \/>\n<meta property=\"article:modified_time\" content=\"2024-07-28T09:20:26+00:00\" \/>\n<meta name=\"twitter:card\" content=\"summary_large_image\" \/>\n<meta name=\"twitter:label1\" content=\"Gesch\u00e4tzte Lesezeit\" \/>\n\t<meta name=\"twitter:data1\" content=\"1\u00a0Minute\" \/>\n<script type=\"application\/ld+json\" class=\"yoast-schema-graph\">{\"@context\":\"https:\/\/schema.org\",\"@graph\":[{\"@type\":\"Organization\",\"@id\":\"https:\/\/lacherstall.de\/cms\/#organization\",\"name\":\"Lacher Stall Ro\\u00dfbach Wied\",\"url\":\"https:\/\/lacherstall.de\/cms\/\",\"sameAs\":[],\"logo\":{\"@type\":\"ImageObject\",\"@id\":\"https:\/\/lacherstall.de\/cms\/#logo\",\"inLanguage\":\"de\",\"url\":\"https:\/\/lacherstall.de\/cms\/wp-content\/uploads\/2019\/05\/logo_lacher-stall_oben-mitte.jpg\",\"contentUrl\":\"https:\/\/lacherstall.de\/cms\/wp-content\/uploads\/2019\/05\/logo_lacher-stall_oben-mitte.jpg\",\"width\":846,\"height\":445,\"caption\":\"Lacher Stall Ro\\u00dfbach Wied\"},\"image\":{\"@id\":\"https:\/\/lacherstall.de\/cms\/#logo\"}},{\"@type\":\"WebSite\",\"@id\":\"https:\/\/lacherstall.de\/cms\/#website\",\"url\":\"https:\/\/lacherstall.de\/cms\/\",\"name\":\"Lacher Stall \/ Ro\\u00dfbach Wied\",\"description\":\"Landgasthof\",\"publisher\":{\"@id\":\"https:\/\/lacherstall.de\/cms\/#organization\"},\"potentialAction\":[{\"@type\":\"SearchAction\",\"target\":{\"@type\":\"EntryPoint\",\"urlTemplate\":\"https:\/\/lacherstall.de\/cms\/?s={search_term_string}\"},\"query-input\":\"required name=search_term_string\"}],\"inLanguage\":\"de\"},{\"@type\":\"WebPage\",\"@id\":\"https:\/\/lacherstall.de\/cms\/reservierung\/#webpage\",\"url\":\"https:\/\/lacherstall.de\/cms\/reservierung\/\",\"name\":\"Reservierung - Lacher Stall \/ Ro\\u00dfbach Wied\",\"isPartOf\":{\"@id\":\"https:\/\/lacherstall.de\/cms\/#website\"},\"datePublished\":\"2019-06-26T12:21:54+00:00\",\"dateModified\":\"2024-07-28T09:20:26+00:00\",\"breadcrumb\":{\"@id\":\"https:\/\/lacherstall.de\/cms\/reservierung\/#breadcrumb\"},\"inLanguage\":\"de\",\"potentialAction\":[{\"@type\":\"ReadAction\",\"target\":[\"https:\/\/lacherstall.de\/cms\/reservierung\/\"]}]},{\"@type\":\"BreadcrumbList\",\"@id\":\"https:\/\/lacherstall.de\/cms\/reservierung\/#breadcrumb\",\"itemListElement\":[{\"@type\":\"ListItem\",\"position\":1,\"name\":\"Startseite\",\"item\":\"https:\/\/lacherstall.de\/cms\/\"},{\"@type\":\"ListItem\",\"position\":2,\"name\":\"Reservierung\"}]}]}<\/script>\n<!-- \/ Yoast SEO plugin. -->","yoast_head_json":{"title":"Reservierung - Lacher Stall \/ Ro\u00dfbach Wied","robots":{"index":"index","follow":"follow","max-snippet":"max-snippet:-1","max-image-preview":"max-image-preview:large","max-video-preview":"max-video-preview:-1"},"canonical":"https:\/\/lacherstall.de\/cms\/reservierung\/","og_locale":"de_DE","og_type":"article","og_title":"Reservierung - Lacher Stall \/ Ro\u00dfbach Wied","og_description":"Bitte lasse dieses Feld leer. Ihr Name Ihre E-Mail (Pflichtfeld) Ihre Rufnummer (Bevorzugt eine mobile Nummer) Wann m\u00f6chten Sie Reservieren? &nbsp; &nbsp; Welche Uhrzeit? &nbsp; &nbsp; F\u00fcr wie viele Personen m\u00f6chten Sie reservieren? &nbsp; &nbsp; Wo m\u00f6chten Sie sitzen? &nbsp; &hellip; Read More","og_url":"https:\/\/lacherstall.de\/cms\/reservierung\/","og_site_name":"Lacher Stall \/ Ro\u00dfbach Wied","article_modified_time":"2024-07-28T09:20:26+00:00","twitter_card":"summary_large_image","twitter_misc":{"Gesch\u00e4tzte Lesezeit":"1\u00a0Minute"},"schema":{"@context":"https:\/\/schema.org","@graph":[{"@type":"Organization","@id":"https:\/\/lacherstall.de\/cms\/#organization","name":"Lacher Stall Ro\u00dfbach Wied","url":"https:\/\/lacherstall.de\/cms\/","sameAs":[],"logo":{"@type":"ImageObject","@id":"https:\/\/lacherstall.de\/cms\/#logo","inLanguage":"de","url":"https:\/\/lacherstall.de\/cms\/wp-content\/uploads\/2019\/05\/logo_lacher-stall_oben-mitte.jpg","contentUrl":"https:\/\/lacherstall.de\/cms\/wp-content\/uploads\/2019\/05\/logo_lacher-stall_oben-mitte.jpg","width":846,"height":445,"caption":"Lacher Stall Ro\u00dfbach Wied"},"image":{"@id":"https:\/\/lacherstall.de\/cms\/#logo"}},{"@type":"WebSite","@id":"https:\/\/lacherstall.de\/cms\/#website","url":"https:\/\/lacherstall.de\/cms\/","name":"Lacher Stall \/ Ro\u00dfbach Wied","description":"Landgasthof","publisher":{"@id":"https:\/\/lacherstall.de\/cms\/#organization"},"potentialAction":[{"@type":"SearchAction","target":{"@type":"EntryPoint","urlTemplate":"https:\/\/lacherstall.de\/cms\/?s={search_term_string}"},"query-input":"required name=search_term_string"}],"inLanguage":"de"},{"@type":"WebPage","@id":"https:\/\/lacherstall.de\/cms\/reservierung\/#webpage","url":"https:\/\/lacherstall.de\/cms\/reservierung\/","name":"Reservierung - Lacher Stall \/ Ro\u00dfbach Wied","isPartOf":{"@id":"https:\/\/lacherstall.de\/cms\/#website"},"datePublished":"2019-06-26T12:21:54+00:00","dateModified":"2024-07-28T09:20:26+00:00","breadcrumb":{"@id":"https:\/\/lacherstall.de\/cms\/reservierung\/#breadcrumb"},"inLanguage":"de","potentialAction":[{"@type":"ReadAction","target":["https:\/\/lacherstall.de\/cms\/reservierung\/"]}]},{"@type":"BreadcrumbList","@id":"https:\/\/lacherstall.de\/cms\/reservierung\/#breadcrumb","itemListElement":[{"@type":"ListItem","position":1,"name":"Startseite","item":"https:\/\/lacherstall.de\/cms\/"},{"@type":"ListItem","position":2,"name":"Reservierung"}]}]}},"_links":{"self":[{"href":"https:\/\/lacherstall.de\/cms\/wp-json\/wp\/v2\/pages\/942"}],"collection":[{"href":"https:\/\/lacherstall.de\/cms\/wp-json\/wp\/v2\/pages"}],"about":[{"href":"https:\/\/lacherstall.de\/cms\/wp-json\/wp\/v2\/types\/page"}],"author":[{"embeddable":true,"href":"https:\/\/lacherstall.de\/cms\/wp-json\/wp\/v2\/users\/1"}],"replies":[{"embeddable":true,"href":"https:\/\/lacherstall.de\/cms\/wp-json\/wp\/v2\/comments?post=942"}],"version-history":[{"count":11,"href":"https:\/\/lacherstall.de\/cms\/wp-json\/wp\/v2\/pages\/942\/revisions"}],"predecessor-version":[{"id":11345,"href":"https:\/\/lacherstall.de\/cms\/wp-json\/wp\/v2\/pages\/942\/revisions\/11345"}],"wp:attachment":[{"href":"https:\/\/lacherstall.de\/cms\/wp-json\/wp\/v2\/media?parent=942"}],"curies":[{"name":"wp","href":"https:\/\/api.w.org\/{rel}","templated":true}]}}